{"id":995,"date":"2017-06-07T18:29:44","date_gmt":"2017-06-07T16:29:44","guid":{"rendered":"http:\/\/ebcd.es\/?page_id=995"},"modified":"2021-11-10T19:48:35","modified_gmt":"2021-11-10T18:48:35","slug":"obras-works","status":"publish","type":"page","link":"https:\/\/ebcd.es\/?page_id=995","title":{"rendered":"Obras"},"content":{"rendered":"<p><a href=\"http:\/\/ebcd.es\/wp-content\/uploads\/2014\/02\/YZ2I0151.jpg\"><img loading=\"lazy\" decoding=\"async\" class=\"alignnone size-medium wp-image-371\" src=\"http:\/\/ebcd.es\/wp-content\/uploads\/2014\/02\/YZ2I0151-300x225.jpg\" alt=\"\" width=\"300\" height=\"225\" srcset=\"https:\/\/ebcd.es\/wp-content\/uploads\/2014\/02\/YZ2I0151-300x225.jpg 300w, https:\/\/ebcd.es\/wp-content\/uploads\/2014\/02\/YZ2I0151-1024x768.jpg 1024w, https:\/\/ebcd.es\/wp-content\/uploads\/2014\/02\/YZ2I0151-399x300.jpg 399w, https:\/\/ebcd.es\/wp-content\/uploads\/2014\/02\/YZ2I0151.jpg 1417w\" sizes=\"(max-width: 300px) 100vw, 300px\" \/><\/a><\/p>\n<ul>\n<li>S\u00e9 de un lugar\u2026, (coreograf\u00eda: Eva Bertomeu, Yolanda Pe\u00f1a, Cristina Cabo) 2001<\/li>\n<li>De todo lo que me habita, (coreograf\u00eda: Eva Bertomeu) 2002<\/li>\n<li>Sentando espero, (coreograf\u00eda: Eva Bertomeu) 2002<\/li>\n<li>Femme, (coreograf\u00eda: Eva Bertomeu) 2004<\/li>\n<li>Babel, (coreograf\u00eda: Eva Bertomeu) 2005<\/li>\n<li>Un gramo de locura, (coreograf\u00eda: Eva Bertomeu y Fernando Hurtado) 2006<\/li>\n<li>\u00b43 bien, (coreograf\u00eda: Eva Bertomeu) 2006<\/li>\n<li>Daedala, (coreograf\u00eda: Eva Bertomeu) 2006<\/li>\n<li>Vanishing Point, (coreograf\u00eda: Eva Bertomeu) 2006<\/li>\n<li>Dark liquid, (coreograf\u00eda: Eva Bertomeu) 2006<\/li>\n<li>Blossom, (coreograf\u00eda: Eva Bertomeu) 2007<\/li>\n<li>Temps Fugit, (coreograf\u00eda: Eva Bertomeu) 2007<\/li>\n<li>Sue\u00f1os de Peat\u00f3n, (coreograf\u00eda: Eva Bertomeu) 2007<\/li>\n<li>Sentada en la cima del mundo (coreograf\u00eda Eva Bertomeu) 2008<\/li>\n<li>Abajo el tel\u00f3n, (coreograf\u00eda: Eva Bertomeu) 2008<\/li>\n<li>Makeup, (coreograf\u00eda: Eva Bertomeu) 2009<\/li>\n<li>El mundo de Al, (coreograf\u00eda Eva Bertomeu) 2009<\/li>\n<li>Stonebodies, (coreograf\u00eda: Eva Bertomeu) 2009<\/li>\n<li>3XX, 2010\n<ul>\n<li>Nereidas (coreograf\u00eda: Christine Cloux)<\/li>\n<li>1+1 articular (coreograf\u00eda: Patricia Gracia)<\/li>\n<li>ius (coreograf\u00eda: Eva Bertomeu)<\/li>\n<\/ul>\n<\/li>\n<li>Reflejos de luz en las grietas de un cristal roto, (coreograf\u00eda: Eva Bertomeu) 2014<\/li>\n<li>Ona, (coreograf\u00eda: Eva Bertomeu) 2016<\/li>\n<li>El vac\u00edo lleno (Direcci\u00f3n art\u00edstica y coreogr\u00e1fica: Eva Bertomeu) 2016-17<\/li>\n<li>Sof\u00eda, (coreograf\u00eda: Eva Bertomeu) 2017<\/li>\n<li>Natural y fr\u00eda, (coreograf\u00eda: Eva Bertomeu) 2018<\/li>\n<li>I am free, (coreograf\u00eda: Eva Bertomeu) 2018<\/li>\n<li>KYBALION, (coreograf\u00eda: Albert Garc\u00eda y Eva Bertomeu) 2018<\/li>\n<\/ul>\n<p><a href=\"http:\/\/ebcd.es\/wp-content\/uploads\/2018\/11\/46488013_1988084614619020_9011547294947868672_o.jpg\"><img loading=\"lazy\" decoding=\"async\" class=\"alignnone size-large wp-image-1362\" src=\"http:\/\/ebcd.es\/wp-content\/uploads\/2018\/11\/46488013_1988084614619020_9011547294947868672_o-1024x683.jpg\" alt=\"\" width=\"584\" height=\"390\"><\/a><\/p>\n","protected":false},"excerpt":{"rendered":"<p>S\u00e9 de un lugar\u2026, (coreograf\u00eda: Eva Bertomeu, Yolanda Pe\u00f1a, Cristina Cabo) 2001 De todo lo que me habita, (coreograf\u00eda: Eva Bertomeu) 2002 Sentando espero, (coreograf\u00eda: Eva Bertomeu) 2002 Femme, (coreograf\u00eda: Eva Bertomeu) 2004 Babel, (coreograf\u00eda: Eva Bertomeu) 2005 Un gramo &hellip; <a href=\"https:\/\/ebcd.es\/?page_id=995\">Sigue leyendo <span class=\"meta-nav\">&rarr;<\/span><\/a><\/p>\n","protected":false},"author":2,"featured_media":0,"parent":467,"menu_order":0,"comment_status":"closed","ping_status":"closed","template":"","meta":{"footnotes":""},"_links":{"self":[{"href":"https:\/\/ebcd.es\/index.php?rest_route=\/wp\/v2\/pages\/995"}],"collection":[{"href":"https:\/\/ebcd.es\/index.php?rest_route=\/wp\/v2\/pages"}],"about":[{"href":"https:\/\/ebcd.es\/index.php?rest_route=\/wp\/v2\/types\/page"}],"author":[{"embeddable":true,"href":"https:\/\/ebcd.es\/index.php?rest_route=\/wp\/v2\/users\/2"}],"replies":[{"embeddable":true,"href":"https:\/\/ebcd.es\/index.php?rest_route=%2Fwp%2Fv2%2Fcomments&post=995"}],"version-history":[{"count":5,"href":"https:\/\/ebcd.es\/index.php?rest_route=\/wp\/v2\/pages\/995\/revisions"}],"predecessor-version":[{"id":1708,"href":"https:\/\/ebcd.es\/index.php?rest_route=\/wp\/v2\/pages\/995\/revisions\/1708"}],"up":[{"embeddable":true,"href":"https:\/\/ebcd.es\/index.php?rest_route=\/wp\/v2\/pages\/467"}],"wp:attachment":[{"href":"https:\/\/ebcd.es\/index.php?rest_route=%2Fwp%2Fv2%2Fmedia&parent=995"}],"curies":[{"name":"wp","href":"https:\/\/api.w.org\/{rel}","templated":true}]}}