{"id":967,"date":"2017-04-18T20:20:29","date_gmt":"2017-04-18T18:20:29","guid":{"rendered":"http:\/\/ebcd.es\/?page_id=967"},"modified":"2017-09-08T10:42:29","modified_gmt":"2017-09-08T08:42:29","slug":"3-solos","status":"publish","type":"page","link":"https:\/\/ebcd.es\/?page_id=967","title":{"rendered":"Sof\u00eda"},"content":{"rendered":"<div id=\"attachment_1007\" style=\"width: 594px\" class=\"wp-caption alignnone\"><a href=\"http:\/\/ebcd.es\/wp-content\/uploads\/2017\/04\/0810-baja.jpg\"><img loading=\"lazy\" decoding=\"async\" aria-describedby=\"caption-attachment-1007\" class=\"wp-image-1007 size-large\" src=\"http:\/\/ebcd.es\/wp-content\/uploads\/2017\/04\/0810-baja-1024x683.jpg\" alt=\"Fotograf\u00eda: Elena Sanz\" width=\"584\" height=\"390\" srcset=\"https:\/\/ebcd.es\/wp-content\/uploads\/2017\/04\/0810-baja-1024x683.jpg 1024w, https:\/\/ebcd.es\/wp-content\/uploads\/2017\/04\/0810-baja-300x200.jpg 300w, https:\/\/ebcd.es\/wp-content\/uploads\/2017\/04\/0810-baja-768x512.jpg 768w, https:\/\/ebcd.es\/wp-content\/uploads\/2017\/04\/0810-baja-450x300.jpg 450w\" sizes=\"(max-width: 584px) 100vw, 584px\" \/><\/a><p id=\"caption-attachment-1007\" class=\"wp-caption-text\">Fotograf\u00eda: Elena Sanz<\/p><\/div>\n<p><strong><span style=\"color: #ff0000;\">SOF\u00cdA<\/span><\/strong><br \/>\nMetamorfosis emocionante y brutal, vida que da vida, miedo a lo desconocido, deseo de conocer lo m\u00e1s amado. Rescatada de la oscuridad por la luz de la vida que est\u00e1 por encima de ti y de todo.<\/p>\n<p>Coreograf\u00eda e interpretaci\u00f3n: Eva Bertomeu<\/p>\n<p>Iluminaci\u00f3n: M\u00e1ximo S\u00e1nchez<\/p>\n<p>M\u00fasica: collage<\/p>\n<p>Duraci\u00f3n: 17 min.<\/p>\n<p><iframe loading=\"lazy\" title=\"&quot;Sof\u00eda&quot; (extracto) - Eva Bertomeu\" width=\"584\" height=\"329\" src=\"https:\/\/www.youtube.com\/embed\/IRGIGuMhHmE?feature=oembed\" frameborder=\"0\" allow=\"accelerometer; autoplay; clipboard-write; encrypted-media; gyroscope; picture-in-picture; web-share\" referrerpolicy=\"strict-origin-when-cross-origin\" allowfullscreen><\/iframe><\/p>\n<p>&nbsp;<\/p>\n<p>&nbsp;<\/p>\n","protected":false},"excerpt":{"rendered":"<p>SOF\u00cdA Metamorfosis emocionante y brutal, vida que da vida, miedo a lo desconocido, deseo de conocer lo m\u00e1s amado. Rescatada de la oscuridad por la luz de la vida que est\u00e1 por encima de ti y de todo. Coreograf\u00eda e &hellip; <a href=\"https:\/\/ebcd.es\/?page_id=967\">Sigue leyendo <span class=\"meta-nav\">&rarr;<\/span><\/a><\/p>\n","protected":false},"author":2,"featured_media":0,"parent":995,"menu_order":1,"comment_status":"open","ping_status":"closed","template":"","meta":{"footnotes":""},"_links":{"self":[{"href":"https:\/\/ebcd.es\/index.php?rest_route=\/wp\/v2\/pages\/967"}],"collection":[{"href":"https:\/\/ebcd.es\/index.php?rest_route=\/wp\/v2\/pages"}],"about":[{"href":"https:\/\/ebcd.es\/index.php?rest_route=\/wp\/v2\/types\/page"}],"author":[{"embeddable":true,"href":"https:\/\/ebcd.es\/index.php?rest_route=\/wp\/v2\/users\/2"}],"replies":[{"embeddable":true,"href":"https:\/\/ebcd.es\/index.php?rest_route=%2Fwp%2Fv2%2Fcomments&post=967"}],"version-history":[{"count":9,"href":"https:\/\/ebcd.es\/index.php?rest_route=\/wp\/v2\/pages\/967\/revisions"}],"predecessor-version":[{"id":1046,"href":"https:\/\/ebcd.es\/index.php?rest_route=\/wp\/v2\/pages\/967\/revisions\/1046"}],"up":[{"embeddable":true,"href":"https:\/\/ebcd.es\/index.php?rest_route=\/wp\/v2\/pages\/995"}],"wp:attachment":[{"href":"https:\/\/ebcd.es\/index.php?rest_route=%2Fwp%2Fv2%2Fmedia&parent=967"}],"curies":[{"name":"wp","href":"https:\/\/api.w.org\/{rel}","templated":true}]}}