{"id":817,"date":"2016-06-08T11:30:27","date_gmt":"2016-06-08T09:30:27","guid":{"rendered":"http:\/\/ebcd.es\/?page_id=817"},"modified":"2023-08-11T16:15:30","modified_gmt":"2023-08-11T14:15:30","slug":"audiciones-formacion-2016-17","status":"publish","type":"page","link":"https:\/\/ebcd.es\/?page_id=817","title":{"rendered":"VI FIC 2017-18"},"content":{"rendered":"\n<figure class=\"wp-block-image size-large\"><a href=\"http:\/\/ebcd.es\/wp-content\/uploads\/2023\/08\/6o-FIC-2017-18.jpg\"><img loading=\"lazy\" decoding=\"async\" width=\"1024\" height=\"768\" src=\"http:\/\/ebcd.es\/wp-content\/uploads\/2023\/08\/6o-FIC-2017-18-1024x768.jpg\" alt=\"\" class=\"wp-image-2096\" srcset=\"https:\/\/ebcd.es\/wp-content\/uploads\/2023\/08\/6o-FIC-2017-18-1024x768.jpg 1024w, https:\/\/ebcd.es\/wp-content\/uploads\/2023\/08\/6o-FIC-2017-18-300x225.jpg 300w, https:\/\/ebcd.es\/wp-content\/uploads\/2023\/08\/6o-FIC-2017-18-768x576.jpg 768w, https:\/\/ebcd.es\/wp-content\/uploads\/2023\/08\/6o-FIC-2017-18-1536x1152.jpg 1536w, https:\/\/ebcd.es\/wp-content\/uploads\/2023\/08\/6o-FIC-2017-18-400x300.jpg 400w, https:\/\/ebcd.es\/wp-content\/uploads\/2023\/08\/6o-FIC-2017-18.jpg 1600w\" sizes=\"(max-width: 1024px) 100vw, 1024px\" \/><\/a><\/figure>\n\n\n\n<ul>\n<li><strong>Andrea Carri\u00f3n<\/strong><\/li>\n\n\n\n<li><strong>Andr\u00e9s B. Rodas<\/strong><\/li>\n\n\n\n<li><strong>Beatriz Caballero<\/strong><\/li>\n\n\n\n<li><strong>Celia Pereira<\/strong><\/li>\n\n\n\n<li><strong>Dahiana Betancourt<\/strong><\/li>\n\n\n\n<li><strong>Elena Sevilla<\/strong><\/li>\n\n\n\n<li><strong>Isidro Berenguer<\/strong><\/li>\n\n\n\n<li><strong>Joana Marzal<\/strong><\/li>\n\n\n\n<li><strong>Mar\u00eda Moscard\u00f3<\/strong><\/li>\n\n\n\n<li><strong>Marina Capel (Beca EBCDanza 2017-18)<\/strong><\/li>\n\n\n\n<li><strong>Melisa Taylor<\/strong><\/li>\n\n\n\n<li><strong>Milton Reza<\/strong><\/li>\n\n\n\n<li><strong>Sonia Murillo<\/strong><\/li>\n<\/ul>\n\n\n\n<p>Durante el curso 2017-18 han actuado en la inauguraci\u00f3n del <strong>Festival Bucles<\/strong> en <strong>Las Naves<\/strong>, Valencia presentando \u00abFast food\u00bb de Albert Garc\u00eda Saur\u00ed. Han presentado CREACCIONES: \u00abFast food\u00bb (Albert Garc\u00eda) y \u00abNatural y fr\u00eda\u00bb de Eva Bertomeu en <strong>La F\u00e1brica de Hielo<\/strong>, Valencia y en el <strong>Palau de la M\u00fasica<\/strong> de Valencia. Organizaron \u00abPer-formes\u00bb y \u00abPer-verses\u00bb en <strong>EBCDanza<\/strong>, dos incursiones en el mundo de las acciones perform\u00e1nticas. \u00abPer-verses\u00bb se present\u00f3 en el marco del <strong>Distrito008 &#8211; VIII Festival Urbano Extramurs<\/strong>, donde tambi\u00e9n bailaron \u00abNatural y fr\u00eda\u00bb en el&nbsp;<strong>Jard\u00ed Bot\u00e0nic UV Auditori Joan Pla\u00e7a<\/strong>&nbsp;de Valencia durante la inauguraci\u00f3n, as\u00ed como \u00abVivaldi\u00bb (Eva Bertomeu) en la Plaza de Rojas Clemente, Valencia. Participaron en la <strong>Gala EBCDanza del D\u00eda Internacional de la Danza 2018<\/strong> en la <strong>Sala Russafa<\/strong>, Valencia, y bailaron \u00abNo restrictions\u00bb de Christine Cloux y \u00abI&#8217;am free\u00bb y \u00abAbajo el tel\u00f3n\u00bb de Eva Bertomeu.<\/p>\n\n\n\n<p>El 26 de mayo bailar\u00e1n \u00abNatural y fr\u00eda\u00bb en el <strong>Festival Dansant a La Marina<\/strong>, Denia; el 26 de junio presentar\u00e1n el repertorio aprendido en el curso en la Gala EBCDanza de fin de curso en el teatro <strong>La Rambleta<\/strong>, Valencia y presentar\u00e1n los proyectos finales los d\u00edas 27, 28 y 29 de junio y el 1 de julio en la sala <strong>Carme Teatre<\/strong>, donde recibir\u00e1n el certificado de graduaci\u00f3n FIC EBCDANZA.<\/p>\n\n\n\n<p>Durante 10 meses habr\u00e1n disfrutado de las clases de danza, talleres de creaci\u00f3n e investigaci\u00f3n coreogr\u00e1fica y del movimiento y repertorio con Lorena Ortiz, Albert Garc\u00eda, Cristina M. G\u00f3mez, Roc\u00edo P\u00e9rez, Christine Cloux, Cristina G\u00f3mez, Eva Moreno, \u00c1ngel Carretero, Toni Aparisi, Roser L\u00f3pez Espinosa, Lipi Hern\u00e1ndez, Juan Planelles y Eva Bertomeu.<\/p>\n\n\n\n<p>Confiamos en que EXEO (nombre elegido por el grupo de formaci\u00f3n como marca de su proyecto) salga y mueva muchas emociones en el futuro.<\/p>\n","protected":false},"excerpt":{"rendered":"<p>Durante el curso 2017-18 han actuado en la inauguraci\u00f3n del Festival Bucles en Las Naves, Valencia presentando \u00abFast food\u00bb de Albert Garc\u00eda Saur\u00ed. Han presentado CREACCIONES: \u00abFast food\u00bb (Albert Garc\u00eda) y \u00abNatural y fr\u00eda\u00bb de Eva Bertomeu en La F\u00e1brica &hellip; <a href=\"https:\/\/ebcd.es\/?page_id=817\">Sigue leyendo <span class=\"meta-nav\">&rarr;<\/span><\/a><\/p>\n","protected":false},"author":2,"featured_media":0,"parent":235,"menu_order":0,"comment_status":"closed","ping_status":"open","template":"","meta":{"footnotes":""},"_links":{"self":[{"href":"https:\/\/ebcd.es\/index.php?rest_route=\/wp\/v2\/pages\/817"}],"collection":[{"href":"https:\/\/ebcd.es\/index.php?rest_route=\/wp\/v2\/pages"}],"about":[{"href":"https:\/\/ebcd.es\/index.php?rest_route=\/wp\/v2\/types\/page"}],"author":[{"embeddable":true,"href":"https:\/\/ebcd.es\/index.php?rest_route=\/wp\/v2\/users\/2"}],"replies":[{"embeddable":true,"href":"https:\/\/ebcd.es\/index.php?rest_route=%2Fwp%2Fv2%2Fcomments&post=817"}],"version-history":[{"count":32,"href":"https:\/\/ebcd.es\/index.php?rest_route=\/wp\/v2\/pages\/817\/revisions"}],"predecessor-version":[{"id":2097,"href":"https:\/\/ebcd.es\/index.php?rest_route=\/wp\/v2\/pages\/817\/revisions\/2097"}],"up":[{"embeddable":true,"href":"https:\/\/ebcd.es\/index.php?rest_route=\/wp\/v2\/pages\/235"}],"wp:attachment":[{"href":"https:\/\/ebcd.es\/index.php?rest_route=%2Fwp%2Fv2%2Fmedia&parent=817"}],"curies":[{"name":"wp","href":"https:\/\/api.w.org\/{rel}","templated":true}]}}