{"id":235,"date":"2013-06-20T11:31:17","date_gmt":"2013-06-20T09:31:17","guid":{"rendered":"http:\/\/ebcd.es\/?page_id=235"},"modified":"2024-08-16T14:48:27","modified_gmt":"2024-08-16T12:48:27","slug":"becas-de-formacion-ebcd-ebcd-formative-scholarships","status":"publish","type":"page","link":"https:\/\/ebcd.es\/?page_id=235","title":{"rendered":"FIC- programa formaci\u00f3n intensiva"},"content":{"rendered":"\n<p><strong>FIC EBC DANZA &#8211; programa de formaci\u00f3n intensiva en Danza contempor\u00e1nea, composici\u00f3n, coreograf\u00eda e interpretaci\u00f3n<\/strong><\/p>\n\n\n\n<p>Durante 11 cursos el programa <strong>FIC<\/strong> (<strong>Formaci\u00f3n intensiva en Danza contempor\u00e1nea, composici\u00f3n, coreograf\u00eda e interpretaci\u00f3n<\/strong>), ense\u00f1\u00f3 esta profesi\u00f3n, este Arte, a alumnos que quer\u00edan profesionalizarse, y obtuvo con excelentes resultados.<\/p>\n\n\n\n<p>El programa FIC EBC Danza constituy\u00f3 una experiencia aut\u00e9ntica en la Danza contempor\u00e1nea, en los procesos de investigaci\u00f3n del movimiento y la creaci\u00f3n coreogr\u00e1fica en las Artes esc\u00e9nicas. En EBC Danza confluyeron bailarines, core\u00f3grafos e investigadores de las \u00faltimas tendencias de movimiento esc\u00e9nico; el aprendizaje era un descubrimiento diario y una oportunidad de experimentar Danza contempor\u00e1nea real bajo la direcci\u00f3n de prestigiosos profesionales en activo<em>.<\/em><\/p>\n\n\n\n<p>A lo largo de estos a\u00f1os contamos con artistas, maestros y bailarines como Roser L\u00f3pez Espinosa, Lorena Ortiz, Pau Ar\u00e1n, Cristina M. G\u00f3mez (EnAmbardanza), Jason Martin (Entitey), Isaac Montllor, Dmytro Grylov, Damiano O. Bigi, Antonio Ruz, Camille Hanson, Lipi Hern\u00e1ndez (Las malqueridas), Marta Reig Torres, Marcos Morau (La veronal), Pepe Renovell, Yoshua Cienfuegos (Cienfuegos Danza), Beatriz Palenzuela (Babirusa Danza), Rocco Vermijs, Sara Blasco, Cristina G\u00f3mez (La casa amarilla), Nikola Krizkova, Eva Manso, Fredo Belda, Patricia Zafra (Feet off the ground), Jos\u00e9 Zamit, Roc\u00edo P\u00e9rez, Florencio Campo, Pepa Sanz, Salvador P\u00e9rez, Raquel Fonfr\u00eda (Dunatac\u00e1), Natalyd Altamirano, Patricia Gracia, B\u00e1rbara D\u00edaz, Eva Moreno (Extremus Danza), Lorenza Di Calogero, Laura Marini&#8230;<\/p>\n\n\n\n<p>Nuestro objetivo era apoyar el talento de nuestro alumnado potenciando su creatividad y evoluci\u00f3n a trav\u00e9s de la participaci\u00f3n en experiencias esc\u00e9nicas en proyectos que generaba el profesorado del programa FIC EBC Danza. Creamos proyectos que los alumnos que mostraron tanto en el propio espacio de EBC Danza como fuera de \u00e9l, participando en producciones, investigaciones y representaciones de los core\u00f3grafos invitados que se realizaron durante y despu\u00e9s del curso.<\/p>\n\n\n\n<p>EBC Danza \u2013 Eva Bertomeu C\u00eda. de Danza logr\u00f3, desde la primera promoci\u00f3n, que su alumnado pudiera realizarse como profesionales, consiguiendo el objetivo de bailar, crear o ense\u00f1ar.<\/p>\n\n\n\n<p>Tras 11 promociones tenemos la satisfacci\u00f3n de saber que hemos aportado una pizca de calidad y arte a la Danza contempor\u00e1nea.<\/p>\n\n\n\n<p>Gracias.<\/p>\n","protected":false},"excerpt":{"rendered":"<p>FIC EBC DANZA &#8211; programa de formaci\u00f3n intensiva en Danza contempor\u00e1nea, composici\u00f3n, coreograf\u00eda e interpretaci\u00f3n Durante 11 cursos el programa FIC (Formaci\u00f3n intensiva en Danza contempor\u00e1nea, composici\u00f3n, coreograf\u00eda e interpretaci\u00f3n), ense\u00f1\u00f3 esta profesi\u00f3n, este Arte, a alumnos que quer\u00edan profesionalizarse, &hellip; <a href=\"https:\/\/ebcd.es\/?page_id=235\">Sigue leyendo <span class=\"meta-nav\">&rarr;<\/span><\/a><\/p>\n","protected":false},"author":2,"featured_media":0,"parent":0,"menu_order":0,"comment_status":"closed","ping_status":"open","template":"","meta":{"footnotes":""},"_links":{"self":[{"href":"https:\/\/ebcd.es\/index.php?rest_route=\/wp\/v2\/pages\/235"}],"collection":[{"href":"https:\/\/ebcd.es\/index.php?rest_route=\/wp\/v2\/pages"}],"about":[{"href":"https:\/\/ebcd.es\/index.php?rest_route=\/wp\/v2\/types\/page"}],"author":[{"embeddable":true,"href":"https:\/\/ebcd.es\/index.php?rest_route=\/wp\/v2\/users\/2"}],"replies":[{"embeddable":true,"href":"https:\/\/ebcd.es\/index.php?rest_route=%2Fwp%2Fv2%2Fcomments&post=235"}],"version-history":[{"count":66,"href":"https:\/\/ebcd.es\/index.php?rest_route=\/wp\/v2\/pages\/235\/revisions"}],"predecessor-version":[{"id":2580,"href":"https:\/\/ebcd.es\/index.php?rest_route=\/wp\/v2\/pages\/235\/revisions\/2580"}],"wp:attachment":[{"href":"https:\/\/ebcd.es\/index.php?rest_route=%2Fwp%2Fv2%2Fmedia&parent=235"}],"curies":[{"name":"wp","href":"https:\/\/api.w.org\/{rel}","templated":true}]}}