{"id":1952,"date":"2023-06-14T17:01:50","date_gmt":"2023-06-14T15:01:50","guid":{"rendered":"http:\/\/ebcd.es\/?page_id=1952"},"modified":"2024-05-13T15:58:17","modified_gmt":"2024-05-13T13:58:17","slug":"eva-bertomeu","status":"publish","type":"page","link":"https:\/\/ebcd.es\/?page_id=1952","title":{"rendered":"Eva Bertomeu"},"content":{"rendered":"\n<figure class=\"wp-block-image size-large\"><a href=\"http:\/\/ebcd.es\/wp-content\/uploads\/2023\/06\/Eva1mb-scaled.jpg\"><img loading=\"lazy\" decoding=\"async\" width=\"1024\" height=\"683\" src=\"http:\/\/ebcd.es\/wp-content\/uploads\/2023\/06\/Eva1mb-1024x683.jpg\" alt=\"\" class=\"wp-image-1953\" srcset=\"https:\/\/ebcd.es\/wp-content\/uploads\/2023\/06\/Eva1mb-1024x683.jpg 1024w, https:\/\/ebcd.es\/wp-content\/uploads\/2023\/06\/Eva1mb-300x200.jpg 300w, https:\/\/ebcd.es\/wp-content\/uploads\/2023\/06\/Eva1mb-768x512.jpg 768w, https:\/\/ebcd.es\/wp-content\/uploads\/2023\/06\/Eva1mb-1536x1024.jpg 1536w, https:\/\/ebcd.es\/wp-content\/uploads\/2023\/06\/Eva1mb-2048x1365.jpg 2048w, https:\/\/ebcd.es\/wp-content\/uploads\/2023\/06\/Eva1mb-450x300.jpg 450w\" sizes=\"(max-width: 1024px) 100vw, 1024px\" \/><\/a><\/figure>\n\n\n\n<p>Graduada en Danza cl\u00e1sica en 1989 por el Conservatorio Profesional de Danza de Valencia. A trav\u00e9s de su profesora Anabel Conesa se interes\u00f3 y especializ\u00f3 despu\u00e9s con otros maestros en la interpretaci\u00f3n y creaci\u00f3n de Danza contempor\u00e1nea.<\/p>\n\n\n\n<p>Ha impartido clases Danza contempor\u00e1nea en centros coreogr\u00e1ficos, compa\u00f1\u00edas, conservatorios, escuelas y universidades de Espa\u00f1a como el CAD-Centro Andaluz de Danza, Centro Coreogr\u00e1fico Gallego, Centro Coreogr\u00e1fico de la Generalitat Valenciana, Conservatorio Superior de Danza de Valencia, Universidad Miguel Hern\u00e1ndez de Altea, etc. Y en otros pa\u00edses como Suecia (Skanesdansteater-Malmo, Norrdans-Harnossand), Per\u00fa (Escuela Nacional Superior de Ballet de Lima) y Paraguay (Compa\u00f1\u00eda Nacional de Danza-Asunci\u00f3n).<\/p>\n\n\n\n<p>En 2012 abre el centro de entrenamiento interpretativo y coreogr\u00e1fico EBC DANZA para la investigaci\u00f3n de la Danza iniciando el programa intensivo FIC EBC Danza.<\/p>\n\n\n\n<p>Actualmente es profesora especialista del CSDV \u2013 Conservatorio Superior de Danza de Valencia en la especialidad de Danza contempor\u00e1nea.<\/p>\n\n\n\n<p>Desde 1998, Eva Bertomeu ha bailado en producciones de Cel Ras Dansa (Roc\u00edo P\u00e9rez), Francesc Bravo, Nancy Seitz McIntyre, Toni Aparisi y en su propio repertorio a partir de 2001 con Bojnami Danza y EBC Danza).<\/p>\n\n\n\n<p>Finalista del XV Certamen Coreogr\u00e1fico de Madrid (2001), gana una residencia de creaci\u00f3n en el Centro Coreogr\u00e1fico de Teatres de la Generalitat Valenciana. Entre otros menciones obtiene el 1er Premio del\u00a0II Certamen de Creaci\u00f3n Coreogr\u00e1fica de Galicia (2004), Premis Abril de Arts Esc\u00e8niques Professionals de la C. Valenciana 2007\u00a0a mejor bailarina, a mejor coreograf\u00eda y mejor direcci\u00f3n esc\u00e9nica de danza, Premis de les Arts Esc\u00e8niques de la Generalitat Valenciana 2007\u00a0a la mejor bailarina\u00a0y a la mejor direcci\u00f3n coreogr\u00e1fica,\u00a0Premis de les Arts Esc\u00e8niques de la Generalitat Valenciana 2008 al mejor espect\u00e1culo de danza y a la mejor bailarina y\u00a0el Premio al mejor espect\u00e1culo de danza de los\u00a0IV Premios del P\u00fablico SALA RUSSAFA 2015. Ha creado y producido m\u00e1s de 30 obras coreogr\u00e1ficas de danza contempor\u00e1nea, representadas con EBC Danza en teatros y festivales de Espa\u00f1a como Dansa Val\u00e8ncia, Danza en la Villa &#8211; Madrid, Distrito Artes &#8211; Madrid, Cartograf\u00edas de la Danza &#8211; Madrid, Danza Gij\u00f3n, MUDA &#8211; Muestra de Danza de Andaluc\u00eda, Lekuz Leku &#8211; Bilbao, Feria Internacional de Teatro y Danza de Arag\u00f3n &#8211; Huesca, MOV-S &#8211; Barcelona, Mostra de Teatre i Dansa &#8211; Alzira, Intemperies &#8211; Valencia, Mostra Internacional de Mim &#8211; Sueca, Festival VEO &#8211; Valencia, Festival 10 Sentidos &#8211; Valencia, etc. Y en otros pa\u00edses como VI European Meeting of Choreographic Creation &#8211; Italia, Festival Cartelera N\u00eemes &#8211; Francia, Festival Memphis in May &#8211; USA, Festival Internacional de Ballet de La Habana &#8211; Cuba, Festival La Menage &#8211; Argentina, Les Reperages &#8211; Francia\/B\u00e9lgica, Rencontres Essone Danse \u2013 Francia y otros.<\/p>\n\n\n\n<p><strong>REPERTORIO:<\/strong><\/p>\n\n\n\n<ul>\n<li>ayuda.in.com-k2, (coreograf\u00eda: Eva Bertomeu) 2000<\/li>\n\n\n\n<li>La novia, (coreograf\u00eda: Eva Bertomeu) 2000<\/li>\n\n\n\n<li>S\u00e9 de un lugar\u2026, (coreograf\u00eda: Eva Bertomeu, Yolanda Pe\u00f1a, Cristina Cabo) 2001<\/li>\n\n\n\n<li>De todo lo que me habita, (coreograf\u00eda: Eva Bertomeu) 2002<\/li>\n\n\n\n<li>Sentando espero, (coreograf\u00eda: Eva Bertomeu) 2002<\/li>\n\n\n\n<li>Femme, (coreograf\u00eda: Eva Bertomeu) 2004<\/li>\n\n\n\n<li>Babel, (coreograf\u00eda: Eva Bertomeu) 2005<\/li>\n\n\n\n<li>Un gramo de locura, (coreograf\u00eda: Eva Bertomeu y Fernando Hurtado) 2006<\/li>\n\n\n\n<li>\u00b43 bien, (coreograf\u00eda: Eva Bertomeu) 2006<\/li>\n\n\n\n<li>Daedala, (coreograf\u00eda: Eva Bertomeu) 2006<\/li>\n\n\n\n<li>Vanishing Point, (coreograf\u00eda: Eva Bertomeu) 2006<\/li>\n\n\n\n<li>Dark liquid, (coreograf\u00eda: Eva Bertomeu) 2006<\/li>\n\n\n\n<li>K-RE-RA, (coreograf\u00eda: Eva Bertomeu) 2007<\/li>\n\n\n\n<li>Blossom, (coreograf\u00eda: Eva Bertomeu) 2007<\/li>\n\n\n\n<li>Temps Fugit, (coreograf\u00eda: Eva Bertomeu) 2007<\/li>\n\n\n\n<li>Sue\u00f1os de Peat\u00f3n, (coreograf\u00eda: Eva Bertomeu) 2007<\/li>\n\n\n\n<li>Sentada en la cima del mundo (coreograf\u00eda Eva Bertomeu) 2008<\/li>\n\n\n\n<li>Abajo el tel\u00f3n, (coreograf\u00eda: Eva Bertomeu) 2008<\/li>\n\n\n\n<li>Makeup, (coreograf\u00eda: Eva Bertomeu) 2009<\/li>\n\n\n\n<li>El mundo de Al, (coreograf\u00eda Eva Bertomeu) 2009<\/li>\n\n\n\n<li>Stonebodies, (coreograf\u00eda: Eva Bertomeu) 2009<\/li>\n\n\n\n<li>3XX, 2010<ul><li>Nereidas (coreograf\u00eda: Christine Cloux)<\/li><\/ul><ul><li>1+1 articular (coreograf\u00eda: Patricia Gracia)<\/li><\/ul>\n<ul>\n<li>ius (coreograf\u00eda: Eva Bertomeu)<\/li>\n<\/ul>\n<\/li>\n\n\n\n<li>Reflejos de luz en las grietas de un cristal roto, (coreograf\u00eda: Eva Bertomeu) 2014<\/li>\n\n\n\n<li>El vac\u00edo lleno (Direcci\u00f3n art\u00edstica y coreogr\u00e1fica: Eva Bertomeu) 2016<\/li>\n\n\n\n<li>Ona, (coreograf\u00eda: Eva Bertomeu) 2016<\/li>\n\n\n\n<li>Sof\u00eda, (coreograf\u00eda: Eva Bertomeu) 2017<\/li>\n\n\n\n<li>Natural y fr\u00eda, (coreograf\u00eda: Eva Bertomeu) 2017<\/li>\n\n\n\n<li>Ne me quitte pas, (coreograf\u00eda: Eva Bertomeu) 2018<\/li>\n\n\n\n<li>Kybalion, (coreograf\u00eda: Albert Garc\u00eda y Eva Bertomeu) 2018<\/li>\n\n\n\n<li>I am free, (coreograf\u00eda: Eva Bertomeu) 2018<\/li>\n\n\n\n<li>Malvarrosa, (coreograf\u00eda: Eva Bertomeu) 2019<\/li>\n\n\n\n<li>U, (coreograf\u00eda: Eva Bertomeu) 2019-2020<\/li>\n\n\n\n<li>Ritterballet: Un baile de Corte para Carnaval &amp; variaciones. (Coreograf\u00eda de Eva Bertomeu para la Orquesta de Valencia) 2020<\/li>\n\n\n\n<li>Colps, (coreograf\u00eda: Eva Bertomeu) 2020<\/li>\n\n\n\n<li>AvitaX, (coreograf\u00eda: Eva Bertomeu) 2022<\/li>\n\n\n\n<li>La piel, (coreograf\u00eda: Eva Bertomeu y Christine Cloux) 2022<\/li>\n<\/ul>\n\n\n\n<p><strong>PREMIOS, GALARDONES Y MENCIONES<\/strong><\/p>\n\n\n\n<p><strong>IV Premios del P\u00fablico SALA RUSSAFA 2015:<\/strong><\/p>\n\n\n\n<ul>\n<li>Premio al Mejor Espect\u00e1culo de Danza por \u201cReflejos de luz en las grietas de un cristal roto\u201d, Eva Bertomeu.<\/li>\n<\/ul>\n\n\n\n<p><strong>Premis de les Arts Esc\u00e8niques de la Generalitat Valenciana 2008:<\/strong><\/p>\n\n\n\n<ul>\n<li>Premio al Mejor Espect\u00e1culo de Danza, \u201cTemps Fugit\u201d<\/li>\n\n\n\n<li>Premio a la Mejor Bailarina, \u201cTemps Fugit\u201d<\/li>\n\n\n\n<li>Nominaci\u00f3n a la Mejor Direcci\u00f3n Coreogr\u00e1fica, \u201cTemps Fugit\u201d<\/li>\n<\/ul>\n\n\n\n<p><strong>Premis Abril de Arts Esc\u00e8niques Professionals de la C. Valenciana 2008:<\/strong><\/p>\n\n\n\n<ul>\n<li>Nominaci\u00f3n a la Mejor Bailarina, \u201cTemps Fugit\u201d<\/li>\n<\/ul>\n\n\n\n<p><strong>Premis de les Arts Esc\u00e8niques de la Generalitat Valenciana 2007:<\/strong><\/p>\n\n\n\n<ul>\n<li>Premio a la Mejor Bailarina, \u201cUn gramo de locura\u201d<\/li>\n\n\n\n<li>Premio al Mejor Bailar\u00edn, \u201cUn gramo de locura\u201d<\/li>\n\n\n\n<li>Premio a la Mejor Direcci\u00f3n Coreogr\u00e1fica, \u201cUn gramo de locura\u201d<\/li>\n\n\n\n<li>Nominaci\u00f3n a Mejor Espect\u00e1culo de Danza, \u201cUn gramo de locura\u201d<\/li>\n<\/ul>\n\n\n\n<p><strong>Premis Abril de Arts Esc\u00e8niques Professionals de la C. Valenciana 2007:<\/strong><\/p>\n\n\n\n<ul>\n<li>Premio a Mejor Bailarina, \u201cUn gramo de locura\u201d<\/li>\n\n\n\n<li>Premio a Mejor Coreograf\u00eda, \u201cUn gramo de locura\u201d<\/li>\n\n\n\n<li>Premio a Mejor Direcci\u00f3n Esc\u00e9nica de Danza, \u201cUn gramo de locura\u201d<\/li>\n\n\n\n<li>Nominaci\u00f3n a Mejor Bailar\u00edn, \u201cUn gramo de locura\u201d<\/li>\n\n\n\n<li>Nominaci\u00f3n a Mejor Empresa Productora, \u201cUn gramo de locura\u201d<\/li>\n\n\n\n<li>Nominaci\u00f3n a Mejor Espect\u00e1culo de Danza, \u201cUn gramo de locura\u201d<\/li>\n<\/ul>\n\n\n\n<p><strong>Premios Asturias de las Artes Esc\u00e9nicas 2006:<\/strong><\/p>\n\n\n\n<ul>\n<li>Nominaci\u00f3n a Mejor Autor\u00eda, \u201cUn gramo de locura\u201d<\/li>\n\n\n\n<li>Nominaci\u00f3n a Mejor Espect\u00e1culo para Adultos, \u201cUn gramo de locura\u201d<\/li>\n\n\n\n<li>Nominaci\u00f3n a Mejor Direcci\u00f3n Esc\u00e9nica, \u201cUn gramo de locura\u201d<\/li>\n<\/ul>\n\n\n\n<p><strong>Premis de Arts Esc\u00e8niques de la Generalitat Valenciana 2005:<\/strong><\/p>\n\n\n\n<ul>\n<li>Nominaci\u00f3n a Mejor Espect\u00e1culo de Danza, \u201cFEMME (Mujer en tres colores)\u201d<\/li>\n<\/ul>\n\n\n\n<p><strong>II Certamen de Creaci\u00f3n Coreogr\u00e1fica de Galicia (2004):<\/strong><\/p>\n\n\n\n<ul>\n<li>1er Premio a Eva Bertomeu por \u201cFEMME (Mujer en tres colores)\u201d<\/li>\n<\/ul>\n\n\n\n<p><strong>Premios de la APDCV 2019:<\/strong><\/p>\n\n\n\n<ul>\n<li>Nominada al premio a docente destacado<\/li>\n\n\n\n<li>Nominada al premio a int\u00e9rprete destacado<\/li>\n\n\n\n<li>Nominada al premio a creador destacado<\/li>\n<\/ul>\n\n\n\n<p><strong>Premios de la APDCV 2021:<\/strong><\/p>\n\n\n\n<ul>\n<li>Nominada al premio a docente destacada<\/li>\n<\/ul>\n","protected":false},"excerpt":{"rendered":"<p>Graduada en Danza cl\u00e1sica en 1989 por el Conservatorio Profesional de Danza de Valencia. A trav\u00e9s de su profesora Anabel Conesa se interes\u00f3 y especializ\u00f3 despu\u00e9s con otros maestros en la interpretaci\u00f3n y creaci\u00f3n de Danza contempor\u00e1nea. Ha impartido clases &hellip; <a href=\"https:\/\/ebcd.es\/?page_id=1952\">Sigue leyendo <span class=\"meta-nav\">&rarr;<\/span><\/a><\/p>\n","protected":false},"author":2,"featured_media":0,"parent":467,"menu_order":0,"comment_status":"closed","ping_status":"closed","template":"","meta":{"footnotes":""},"_links":{"self":[{"href":"https:\/\/ebcd.es\/index.php?rest_route=\/wp\/v2\/pages\/1952"}],"collection":[{"href":"https:\/\/ebcd.es\/index.php?rest_route=\/wp\/v2\/pages"}],"about":[{"href":"https:\/\/ebcd.es\/index.php?rest_route=\/wp\/v2\/types\/page"}],"author":[{"embeddable":true,"href":"https:\/\/ebcd.es\/index.php?rest_route=\/wp\/v2\/users\/2"}],"replies":[{"embeddable":true,"href":"https:\/\/ebcd.es\/index.php?rest_route=%2Fwp%2Fv2%2Fcomments&post=1952"}],"version-history":[{"count":5,"href":"https:\/\/ebcd.es\/index.php?rest_route=\/wp\/v2\/pages\/1952\/revisions"}],"predecessor-version":[{"id":2550,"href":"https:\/\/ebcd.es\/index.php?rest_route=\/wp\/v2\/pages\/1952\/revisions\/2550"}],"up":[{"embeddable":true,"href":"https:\/\/ebcd.es\/index.php?rest_route=\/wp\/v2\/pages\/467"}],"wp:attachment":[{"href":"https:\/\/ebcd.es\/index.php?rest_route=%2Fwp%2Fv2%2Fmedia&parent=1952"}],"curies":[{"name":"wp","href":"https:\/\/api.w.org\/{rel}","templated":true}]}}