{"id":1787,"date":"2022-05-22T11:31:47","date_gmt":"2022-05-22T09:31:47","guid":{"rendered":"http:\/\/ebcd.es\/?page_id=1787"},"modified":"2022-05-22T11:31:47","modified_gmt":"2022-05-22T09:31:47","slug":"abajo-el-telon","status":"publish","type":"page","link":"https:\/\/ebcd.es\/?page_id=1787","title":{"rendered":"Abajo el tel\u00f3n"},"content":{"rendered":"\n<figure class=\"wp-block-embed is-type-video is-provider-youtube wp-block-embed-youtube wp-embed-aspect-4-3 wp-has-aspect-ratio\"><div class=\"wp-block-embed__wrapper\">\n<iframe loading=\"lazy\" title=\"Abajo el tel\u00f3n. Eva Bertomeu, Museo Bellas Artes de Bilbao.\" width=\"584\" height=\"438\" src=\"https:\/\/www.youtube.com\/embed\/Aku7AGH44x0?feature=oembed\" frameborder=\"0\" allow=\"accelerometer; autoplay; clipboard-write; encrypted-media; gyroscope; picture-in-picture; web-share\" referrerpolicy=\"strict-origin-when-cross-origin\" allowfullscreen><\/iframe>\n<\/div><\/figure>\n\n\n\n<p>\u00abAbajo el tel\u00f3n\u00bb. <\/p>\n\n\n\n<p>Coreograf\u00eda e interpretaci\u00f3n de Eva Bertomeu.<\/p>\n\n\n\n<p>M\u00fasica de J.S. Bach, F. Chopin, Bobby Darin.<\/p>\n\n\n\n<p><a href=\"https:\/\/www.youtube.com\/channel\/UCLvqRgXLxAk1NEEJUldefAg\">@EBCDanza &#8211; Eva Bertomeu Danza<\/a><\/p>\n\n\n\n<p>Grabaci\u00f3n en la Noche blanca de Bilbao. Museo de Bellas Artes. 2010. Fondo esc\u00e9nico de exposici\u00f3n sobre Balenciaga.<\/p>\n\n\n\n<p>La pieza fue encargada por Teatres de la Generalitat Valenciana para la conmemoraci\u00f3n del 10\u00ba aniversario del Centro coreogr\u00e1fico de la Comunidad Valenciana y se estren\u00f3 en el Festival Dansa Valencia en la gala 10 a\u00f1os Solos en la sala L&#8217;Altre Espai.<\/p>\n","protected":false},"excerpt":{"rendered":"<p>\u00abAbajo el tel\u00f3n\u00bb. Coreograf\u00eda e interpretaci\u00f3n de Eva Bertomeu. M\u00fasica de J.S. Bach, F. Chopin, Bobby Darin. @EBCDanza &#8211; Eva Bertomeu Danza Grabaci\u00f3n en la Noche blanca de Bilbao. Museo de Bellas Artes. 2010. Fondo esc\u00e9nico de exposici\u00f3n sobre Balenciaga. &hellip; <a href=\"https:\/\/ebcd.es\/?page_id=1787\">Sigue leyendo <span class=\"meta-nav\">&rarr;<\/span><\/a><\/p>\n","protected":false},"author":2,"featured_media":0,"parent":0,"menu_order":0,"comment_status":"closed","ping_status":"closed","template":"","meta":{"footnotes":""},"_links":{"self":[{"href":"https:\/\/ebcd.es\/index.php?rest_route=\/wp\/v2\/pages\/1787"}],"collection":[{"href":"https:\/\/ebcd.es\/index.php?rest_route=\/wp\/v2\/pages"}],"about":[{"href":"https:\/\/ebcd.es\/index.php?rest_route=\/wp\/v2\/types\/page"}],"author":[{"embeddable":true,"href":"https:\/\/ebcd.es\/index.php?rest_route=\/wp\/v2\/users\/2"}],"replies":[{"embeddable":true,"href":"https:\/\/ebcd.es\/index.php?rest_route=%2Fwp%2Fv2%2Fcomments&post=1787"}],"version-history":[{"count":1,"href":"https:\/\/ebcd.es\/index.php?rest_route=\/wp\/v2\/pages\/1787\/revisions"}],"predecessor-version":[{"id":1788,"href":"https:\/\/ebcd.es\/index.php?rest_route=\/wp\/v2\/pages\/1787\/revisions\/1788"}],"wp:attachment":[{"href":"https:\/\/ebcd.es\/index.php?rest_route=%2Fwp%2Fv2%2Fmedia&parent=1787"}],"curies":[{"name":"wp","href":"https:\/\/api.w.org\/{rel}","templated":true}]}}