{"id":1569,"date":"2021-04-28T13:16:42","date_gmt":"2021-04-28T11:16:42","guid":{"rendered":"http:\/\/ebcd.es\/?page_id=1569"},"modified":"2023-08-11T15:56:31","modified_gmt":"2023-08-11T13:56:31","slug":"fic-2020-21","status":"publish","type":"page","link":"https:\/\/ebcd.es\/?page_id=1569","title":{"rendered":"IX FIC 2020-21"},"content":{"rendered":"<p><a href=\"http:\/\/ebcd.es\/wp-content\/uploads\/2021\/04\/20210416_114043.jpg\"><img loading=\"lazy\" decoding=\"async\" class=\"alignnone size-large wp-image-1570\" src=\"http:\/\/ebcd.es\/wp-content\/uploads\/2021\/04\/20210416_114043-1024x498.jpg\" alt=\"\" width=\"584\" height=\"284\" srcset=\"https:\/\/ebcd.es\/wp-content\/uploads\/2021\/04\/20210416_114043-1024x498.jpg 1024w, https:\/\/ebcd.es\/wp-content\/uploads\/2021\/04\/20210416_114043-300x146.jpg 300w, https:\/\/ebcd.es\/wp-content\/uploads\/2021\/04\/20210416_114043-768x373.jpg 768w, https:\/\/ebcd.es\/wp-content\/uploads\/2021\/04\/20210416_114043-500x243.jpg 500w, https:\/\/ebcd.es\/wp-content\/uploads\/2021\/04\/20210416_114043.jpg 2028w\" sizes=\"(max-width: 584px) 100vw, 584px\" \/><\/a><\/p>\n<ul>\n<li>Mariola Mataix<\/li>\n<li>Maria Lavao<\/li>\n<li>Gabriela Peris<\/li>\n<li>Ester Boronat<\/li>\n<li>Luna Pereyra<\/li>\n<li>Alba Lozano<\/li>\n<li>Alejandra Peris<\/li>\n<li>David Beitia<\/li>\n<li>Rafael Arribas<\/li>\n<\/ul>\n<p><a href=\"http:\/\/ebcd.es\/wp-content\/uploads\/2021\/05\/WhatsApp-Image-2021-05-22-at-16.04.26.jpeg\"><img loading=\"lazy\" decoding=\"async\" class=\"alignnone size-large wp-image-1586\" src=\"http:\/\/ebcd.es\/wp-content\/uploads\/2021\/05\/WhatsApp-Image-2021-05-22-at-16.04.26-725x1024.jpeg\" alt=\"\" width=\"584\" height=\"825\" srcset=\"https:\/\/ebcd.es\/wp-content\/uploads\/2021\/05\/WhatsApp-Image-2021-05-22-at-16.04.26-725x1024.jpeg 725w, https:\/\/ebcd.es\/wp-content\/uploads\/2021\/05\/WhatsApp-Image-2021-05-22-at-16.04.26-212x300.jpeg 212w, https:\/\/ebcd.es\/wp-content\/uploads\/2021\/05\/WhatsApp-Image-2021-05-22-at-16.04.26-768x1085.jpeg 768w, https:\/\/ebcd.es\/wp-content\/uploads\/2021\/05\/WhatsApp-Image-2021-05-22-at-16.04.26.jpeg 843w\" sizes=\"(max-width: 584px) 100vw, 584px\" \/><\/a><\/p>\n<p><span class=\"pq6dq46d tbxw36s4 knj5qynh kvgmc6g5 ditlmg2l oygrvhab nvdbi5me sf5mxxl7 gl3lb2sf hhz5lgdu\"><img loading=\"lazy\" decoding=\"async\" src=\"https:\/\/static.xx.fbcdn.net\/images\/emoji.php\/v9\/td7\/1.5\/16\/2757.png\" alt=\"\u2757\ufe0f\" width=\"16\" height=\"16\" \/><\/span><span style=\"color: #ff6600;\"><strong>\u00abMISCEL\u00c1NEA\u00bb<\/strong><\/span><span class=\"pq6dq46d tbxw36s4 knj5qynh kvgmc6g5 ditlmg2l oygrvhab nvdbi5me sf5mxxl7 gl3lb2sf hhz5lgdu\"><img loading=\"lazy\" decoding=\"async\" src=\"https:\/\/static.xx.fbcdn.net\/images\/emoji.php\/v9\/td7\/1.5\/16\/2757.png\" alt=\"\u2757\ufe0f\" width=\"16\" height=\"16\" \/><\/span><\/p>\n<p>Definici\u00f3n:<br \/>\nObra o escrito en que se tratan materias inconexas o mezcladas.<\/p>\n<p>Esta pieza transita por ese lugar donde todo se puede manifestar.<br \/>\nLa gran mayor\u00eda de veces somos meros espectadores de nuestro propio infinito y dependiendo de cu\u00e1n dormidos estemos seremos m\u00e1s o menos part\u00edcipes de nuestra historia.<br \/>\nTe invitamos a dar un paseo por el lugar donde convergen diferentes infinitos y a que encuentres cu\u00e1l tiene m\u00e1s dosis de realidad o fantas\u00eda.<\/p>\n<p>Muestra del proyecto final del IX FIC de EBC Danza.<\/p>\n<ul>\n<li>Direcci\u00f3n y creaci\u00f3n: IX FIC EBC Danza.<\/li>\n<li>IX FIC EBC Danza: Mariola Mataix, Mar\u00eda Lavao, Ester Boronat, Gabriela Peris, Luna Pereyra, Alejandra Peris, Rafael Arribas, David Costa, Alba Lozano.<\/li>\n<li>Direcci\u00f3n Art\u00edstica y T\u00e9cnica: Eva Bertomeu<\/li>\n<li>Direcci\u00f3n de Producci\u00f3n: Juan Planelles<\/li>\n<li>Asistencia Art\u00edstica: Eva Bertomeu, Maribel Bayona, Cristina G\u00f3mez, Christine Cloux, Albert Garc\u00eda, Toni Aparisi.<\/li>\n<\/ul>\n","protected":false},"excerpt":{"rendered":"<p>Mariola Mataix Maria Lavao Gabriela Peris Ester Boronat Luna Pereyra Alba Lozano Alejandra Peris David Beitia Rafael Arribas \u00abMISCEL\u00c1NEA\u00bb Definici\u00f3n: Obra o escrito en que se tratan materias inconexas o mezcladas. Esta pieza transita por ese lugar donde todo se &hellip; <a href=\"https:\/\/ebcd.es\/?page_id=1569\">Sigue leyendo <span class=\"meta-nav\">&rarr;<\/span><\/a><\/p>\n","protected":false},"author":2,"featured_media":0,"parent":235,"menu_order":0,"comment_status":"closed","ping_status":"closed","template":"","meta":{"footnotes":""},"_links":{"self":[{"href":"https:\/\/ebcd.es\/index.php?rest_route=\/wp\/v2\/pages\/1569"}],"collection":[{"href":"https:\/\/ebcd.es\/index.php?rest_route=\/wp\/v2\/pages"}],"about":[{"href":"https:\/\/ebcd.es\/index.php?rest_route=\/wp\/v2\/types\/page"}],"author":[{"embeddable":true,"href":"https:\/\/ebcd.es\/index.php?rest_route=\/wp\/v2\/users\/2"}],"replies":[{"embeddable":true,"href":"https:\/\/ebcd.es\/index.php?rest_route=%2Fwp%2Fv2%2Fcomments&post=1569"}],"version-history":[{"count":7,"href":"https:\/\/ebcd.es\/index.php?rest_route=\/wp\/v2\/pages\/1569\/revisions"}],"predecessor-version":[{"id":2090,"href":"https:\/\/ebcd.es\/index.php?rest_route=\/wp\/v2\/pages\/1569\/revisions\/2090"}],"up":[{"embeddable":true,"href":"https:\/\/ebcd.es\/index.php?rest_route=\/wp\/v2\/pages\/235"}],"wp:attachment":[{"href":"https:\/\/ebcd.es\/index.php?rest_route=%2Fwp%2Fv2%2Fmedia&parent=1569"}],"curies":[{"name":"wp","href":"https:\/\/api.w.org\/{rel}","templated":true}]}}