{"id":1563,"date":"2021-04-28T12:47:19","date_gmt":"2021-04-28T10:47:19","guid":{"rendered":"http:\/\/ebcd.es\/?page_id=1563"},"modified":"2023-02-15T11:15:02","modified_gmt":"2023-02-15T10:15:02","slug":"fic-2013-14","status":"publish","type":"page","link":"https:\/\/ebcd.es\/?page_id=1563","title":{"rendered":"II FIC 2013-14"},"content":{"rendered":"<p><a href=\"http:\/\/ebcd.es\/wp-content\/uploads\/2021\/04\/FIC-2013-14.jpg\"><img loading=\"lazy\" decoding=\"async\" class=\"alignnone size-large wp-image-1564\" src=\"http:\/\/ebcd.es\/wp-content\/uploads\/2021\/04\/FIC-2013-14-1024x576.jpg\" alt=\"\" width=\"584\" height=\"329\" srcset=\"https:\/\/ebcd.es\/wp-content\/uploads\/2021\/04\/FIC-2013-14-1024x576.jpg 1024w, https:\/\/ebcd.es\/wp-content\/uploads\/2021\/04\/FIC-2013-14-300x169.jpg 300w, https:\/\/ebcd.es\/wp-content\/uploads\/2021\/04\/FIC-2013-14-768x432.jpg 768w, https:\/\/ebcd.es\/wp-content\/uploads\/2021\/04\/FIC-2013-14-500x281.jpg 500w, https:\/\/ebcd.es\/wp-content\/uploads\/2021\/04\/FIC-2013-14.jpg 1920w\" sizes=\"(max-width: 584px) 100vw, 584px\" \/><\/a><\/p>\n\n\n<p>Charo Gil, Carla Moll, Blanca Arias, Julia Irango, Henar Llid\u00f3, Cristina Mart\u00ed, Ana Lola Cos\u00ed, Palmira Roca, Sandra Perell\u00f3, Aysel Imamkulieva.<\/p>\n","protected":false},"excerpt":{"rendered":"<p>Charo Gil, Carla Moll, Blanca Arias, Julia Irango, Henar Llid\u00f3, Cristina Mart\u00ed, Ana Lola Cos\u00ed, Palmira Roca, Sandra Perell\u00f3, Aysel Imamkulieva.<\/p>\n","protected":false},"author":2,"featured_media":0,"parent":235,"menu_order":0,"comment_status":"closed","ping_status":"closed","template":"","meta":{"footnotes":""},"_links":{"self":[{"href":"https:\/\/ebcd.es\/index.php?rest_route=\/wp\/v2\/pages\/1563"}],"collection":[{"href":"https:\/\/ebcd.es\/index.php?rest_route=\/wp\/v2\/pages"}],"about":[{"href":"https:\/\/ebcd.es\/index.php?rest_route=\/wp\/v2\/types\/page"}],"author":[{"embeddable":true,"href":"https:\/\/ebcd.es\/index.php?rest_route=\/wp\/v2\/users\/2"}],"replies":[{"embeddable":true,"href":"https:\/\/ebcd.es\/index.php?rest_route=%2Fwp%2Fv2%2Fcomments&post=1563"}],"version-history":[{"count":5,"href":"https:\/\/ebcd.es\/index.php?rest_route=\/wp\/v2\/pages\/1563\/revisions"}],"predecessor-version":[{"id":1887,"href":"https:\/\/ebcd.es\/index.php?rest_route=\/wp\/v2\/pages\/1563\/revisions\/1887"}],"up":[{"embeddable":true,"href":"https:\/\/ebcd.es\/index.php?rest_route=\/wp\/v2\/pages\/235"}],"wp:attachment":[{"href":"https:\/\/ebcd.es\/index.php?rest_route=%2Fwp%2Fv2%2Fmedia&parent=1563"}],"curies":[{"name":"wp","href":"https:\/\/api.w.org\/{rel}","templated":true}]}}