{"id":1459,"date":"2019-05-24T18:25:04","date_gmt":"2019-05-24T16:25:04","guid":{"rendered":"http:\/\/ebcd.es\/?page_id=1459"},"modified":"2021-08-31T12:07:32","modified_gmt":"2021-08-31T10:07:32","slug":"i-certamen-coreografico-fic-ebc-danza","status":"publish","type":"page","link":"https:\/\/ebcd.es\/?page_id=1459","title":{"rendered":"I Certamen Coreogr\u00e1fico FIC EBC Danza"},"content":{"rendered":"<p><a href=\"http:\/\/ebcd.es\/wp-content\/uploads\/2019\/05\/I-Certamen-C-EBC-Danza-cartel.jpg\"><img loading=\"lazy\" decoding=\"async\" class=\"alignnone size-large wp-image-1460\" src=\"http:\/\/ebcd.es\/wp-content\/uploads\/2019\/05\/I-Certamen-C-EBC-Danza-cartel-1024x682.jpg\" alt=\"\" width=\"584\" height=\"389\" srcset=\"https:\/\/ebcd.es\/wp-content\/uploads\/2019\/05\/I-Certamen-C-EBC-Danza-cartel-1024x682.jpg 1024w, https:\/\/ebcd.es\/wp-content\/uploads\/2019\/05\/I-Certamen-C-EBC-Danza-cartel-300x200.jpg 300w, https:\/\/ebcd.es\/wp-content\/uploads\/2019\/05\/I-Certamen-C-EBC-Danza-cartel-768x512.jpg 768w, https:\/\/ebcd.es\/wp-content\/uploads\/2019\/05\/I-Certamen-C-EBC-Danza-cartel-450x300.jpg 450w\" sizes=\"(max-width: 584px) 100vw, 584px\" \/><\/a><\/p>\n<p style=\"text-align: center;\"><strong>I CERTAMEN COREOGR\u00c1FICO FIC EBC Danza<\/strong><br \/>\n<span style=\"color: #ff0000;\"><strong>FINAL<\/strong><\/span><br \/>\nSala Russafa, Valencia<br \/>\nDomingo, 2 Junio, 11:30 h.<\/p>\n<div class=\"text_exposed_show\">\n<p>Estamos muy ilusionados con la celebraci\u00f3n del 1er Certamen coreogr\u00e1fico FIC EBC Danza. El p\u00fablico llen\u00f3 la Sala Russafa y todos disfrutamos en la ma\u00f1ana del 2 de Junio de una nueva primavera de Danza.<\/p>\n<p style=\"text-align: center;\">Las piezas finalistas fueron:<\/p>\n<p style=\"text-align: center;\"><strong>\u00abPULSO\u00bb<\/strong>, coreograf\u00eda: \u00c1lvaro De Mar\u00eda y Lydia Lluch<\/p>\n<p style=\"text-align: center;\"><a href=\"http:\/\/ebcd.es\/wp-content\/uploads\/2019\/09\/64594487_2446619988716437_3632918819128737792_o-copia.jpg\"><img loading=\"lazy\" decoding=\"async\" class=\"alignnone size-large wp-image-1490\" src=\"http:\/\/ebcd.es\/wp-content\/uploads\/2019\/09\/64594487_2446619988716437_3632918819128737792_o-copia-682x1024.jpg\" alt=\"\" width=\"584\" height=\"877\" srcset=\"https:\/\/ebcd.es\/wp-content\/uploads\/2019\/09\/64594487_2446619988716437_3632918819128737792_o-copia-682x1024.jpg 682w, https:\/\/ebcd.es\/wp-content\/uploads\/2019\/09\/64594487_2446619988716437_3632918819128737792_o-copia-200x300.jpg 200w, https:\/\/ebcd.es\/wp-content\/uploads\/2019\/09\/64594487_2446619988716437_3632918819128737792_o-copia-768x1154.jpg 768w, https:\/\/ebcd.es\/wp-content\/uploads\/2019\/09\/64594487_2446619988716437_3632918819128737792_o-copia.jpg 1310w\" sizes=\"(max-width: 584px) 100vw, 584px\" \/><\/a><\/p>\n<p style=\"text-align: center;\"><strong>\u00abNICHO DE BICHOS Y LA LLUVIA\u00bb<\/strong>, coreograf\u00eda: Andr\u00e9s Rodas<\/p>\n<p style=\"text-align: center;\"><a href=\"http:\/\/ebcd.es\/wp-content\/uploads\/2019\/09\/65392635_2454482404596862_7834649990109593600_o.jpg\"><img loading=\"lazy\" decoding=\"async\" class=\"alignnone size-large wp-image-1492\" src=\"http:\/\/ebcd.es\/wp-content\/uploads\/2019\/09\/65392635_2454482404596862_7834649990109593600_o-682x1024.jpg\" alt=\"\" width=\"584\" height=\"877\" srcset=\"https:\/\/ebcd.es\/wp-content\/uploads\/2019\/09\/65392635_2454482404596862_7834649990109593600_o-682x1024.jpg 682w, https:\/\/ebcd.es\/wp-content\/uploads\/2019\/09\/65392635_2454482404596862_7834649990109593600_o-200x300.jpg 200w, https:\/\/ebcd.es\/wp-content\/uploads\/2019\/09\/65392635_2454482404596862_7834649990109593600_o-768x1154.jpg 768w, https:\/\/ebcd.es\/wp-content\/uploads\/2019\/09\/65392635_2454482404596862_7834649990109593600_o.jpg 1230w\" sizes=\"(max-width: 584px) 100vw, 584px\" \/><\/a><\/p>\n<p style=\"text-align: center;\"><strong>\u00abCRAVING\u00bb<\/strong>, coreograf\u00eda: \u00c1ngela Mart\u00ednez y Mar\u00eda Solera<\/p>\n<p style=\"text-align: center;\"><a href=\"http:\/\/ebcd.es\/wp-content\/uploads\/2019\/09\/fic027.jpg\"><img loading=\"lazy\" decoding=\"async\" class=\"alignnone size-large wp-image-1493\" src=\"http:\/\/ebcd.es\/wp-content\/uploads\/2019\/09\/fic027-1024x682.jpg\" alt=\"\" width=\"584\" height=\"389\" srcset=\"https:\/\/ebcd.es\/wp-content\/uploads\/2019\/09\/fic027-1024x682.jpg 1024w, https:\/\/ebcd.es\/wp-content\/uploads\/2019\/09\/fic027-300x200.jpg 300w, https:\/\/ebcd.es\/wp-content\/uploads\/2019\/09\/fic027-768x511.jpg 768w, https:\/\/ebcd.es\/wp-content\/uploads\/2019\/09\/fic027-451x300.jpg 451w, https:\/\/ebcd.es\/wp-content\/uploads\/2019\/09\/fic027.jpg 1848w\" sizes=\"(max-width: 584px) 100vw, 584px\" \/><\/a><\/p>\n<p style=\"text-align: center;\"><strong>\u00abARDEIDAS\u00bb<\/strong>, coreograf\u00eda: Sandra Benet y Ainhoa L\u00f3pez<\/p>\n<p style=\"text-align: center;\"><a href=\"http:\/\/ebcd.es\/wp-content\/uploads\/2019\/09\/fic014.jpg\"><img loading=\"lazy\" decoding=\"async\" class=\"alignnone size-full wp-image-1494\" src=\"http:\/\/ebcd.es\/wp-content\/uploads\/2019\/09\/fic014.jpg\" alt=\"\" width=\"1000\" height=\"666\" srcset=\"https:\/\/ebcd.es\/wp-content\/uploads\/2019\/09\/fic014.jpg 1000w, https:\/\/ebcd.es\/wp-content\/uploads\/2019\/09\/fic014-300x200.jpg 300w, https:\/\/ebcd.es\/wp-content\/uploads\/2019\/09\/fic014-768x511.jpg 768w, https:\/\/ebcd.es\/wp-content\/uploads\/2019\/09\/fic014-450x300.jpg 450w\" sizes=\"(max-width: 1000px) 100vw, 1000px\" \/><\/a><\/p>\n<p style=\"text-align: center;\"><strong>\u00abMINETINOS\u00bb<\/strong>, coreograf\u00eda: Marta Llopis<\/p>\n<p><a href=\"http:\/\/ebcd.es\/wp-content\/uploads\/2019\/09\/fic042.jpg\"><img loading=\"lazy\" decoding=\"async\" class=\"alignnone size-large wp-image-1496\" src=\"http:\/\/ebcd.es\/wp-content\/uploads\/2019\/09\/fic042-682x1024.jpg\" alt=\"\" width=\"584\" height=\"877\" srcset=\"https:\/\/ebcd.es\/wp-content\/uploads\/2019\/09\/fic042-682x1024.jpg 682w, https:\/\/ebcd.es\/wp-content\/uploads\/2019\/09\/fic042-200x300.jpg 200w, https:\/\/ebcd.es\/wp-content\/uploads\/2019\/09\/fic042-768x1154.jpg 768w, https:\/\/ebcd.es\/wp-content\/uploads\/2019\/09\/fic042.jpg 1230w\" sizes=\"(max-width: 584px) 100vw, 584px\" \/><\/a><\/p>\n<p style=\"text-align: center;\"><strong>\u00ab\u00a1AY VIDA M\u00cdA!\u00bb<\/strong>, coreograf\u00eda: Esteban Serna<\/p>\n<p><a href=\"http:\/\/ebcd.es\/wp-content\/uploads\/2019\/09\/fic026.jpg\"><img loading=\"lazy\" decoding=\"async\" class=\"alignnone size-full wp-image-1497\" src=\"http:\/\/ebcd.es\/wp-content\/uploads\/2019\/09\/fic026.jpg\" alt=\"\" width=\"1000\" height=\"666\" srcset=\"https:\/\/ebcd.es\/wp-content\/uploads\/2019\/09\/fic026.jpg 1000w, https:\/\/ebcd.es\/wp-content\/uploads\/2019\/09\/fic026-300x200.jpg 300w, https:\/\/ebcd.es\/wp-content\/uploads\/2019\/09\/fic026-768x511.jpg 768w, https:\/\/ebcd.es\/wp-content\/uploads\/2019\/09\/fic026-450x300.jpg 450w\" sizes=\"(max-width: 1000px) 100vw, 1000px\" \/><\/a><\/p>\n<p>Int\u00e9rpretes: Sandra Benet, \u00c1lvaro De Mar\u00eda, Marta Llopis, Ainhoa L\u00f3pez, Lydia Lluch, Raquel Marcos, \u00c1ngela Mart\u00ednez, Sonia Murillo, Andr\u00e9s Rodas, Esteban Serna, Mar\u00eda Solera<\/p>\n<p>Y <strong>\u00abMINETINOS\u00bb<\/strong> de <strong>Marta Llopis<\/strong> se proclam\u00f3 como la obra ganadora del I Certamen Coreogr\u00e1fico FIC EBC Danza 2019.<\/p>\n<p><a href=\"http:\/\/ebcd.es\/wp-content\/uploads\/2019\/09\/65193767_2454481431263626_5247732754698731520_o-copia.jpg\"><img loading=\"lazy\" decoding=\"async\" class=\"alignnone size-large wp-image-1486\" src=\"http:\/\/ebcd.es\/wp-content\/uploads\/2019\/09\/65193767_2454481431263626_5247732754698731520_o-copia-1024x682.jpg\" alt=\"\" width=\"584\" height=\"389\" srcset=\"https:\/\/ebcd.es\/wp-content\/uploads\/2019\/09\/65193767_2454481431263626_5247732754698731520_o-copia-1024x682.jpg 1024w, https:\/\/ebcd.es\/wp-content\/uploads\/2019\/09\/65193767_2454481431263626_5247732754698731520_o-copia-300x200.jpg 300w, https:\/\/ebcd.es\/wp-content\/uploads\/2019\/09\/65193767_2454481431263626_5247732754698731520_o-copia-768x511.jpg 768w, https:\/\/ebcd.es\/wp-content\/uploads\/2019\/09\/65193767_2454481431263626_5247732754698731520_o-copia-451x300.jpg 451w, https:\/\/ebcd.es\/wp-content\/uploads\/2019\/09\/65193767_2454481431263626_5247732754698731520_o-copia.jpg 1640w\" sizes=\"(max-width: 584px) 100vw, 584px\" \/><\/a><\/p>\n<p><a href=\"http:\/\/ebcd.es\/wp-content\/uploads\/2019\/09\/65304031_2454483167930119_5637648891059896320_o.jpg\"><img loading=\"lazy\" decoding=\"async\" class=\"alignnone size-large wp-image-1487\" src=\"http:\/\/ebcd.es\/wp-content\/uploads\/2019\/09\/65304031_2454483167930119_5637648891059896320_o-1024x682.jpg\" alt=\"\" width=\"584\" height=\"389\" srcset=\"https:\/\/ebcd.es\/wp-content\/uploads\/2019\/09\/65304031_2454483167930119_5637648891059896320_o-1024x682.jpg 1024w, https:\/\/ebcd.es\/wp-content\/uploads\/2019\/09\/65304031_2454483167930119_5637648891059896320_o-300x200.jpg 300w, https:\/\/ebcd.es\/wp-content\/uploads\/2019\/09\/65304031_2454483167930119_5637648891059896320_o-768x511.jpg 768w, https:\/\/ebcd.es\/wp-content\/uploads\/2019\/09\/65304031_2454483167930119_5637648891059896320_o-451x300.jpg 451w, https:\/\/ebcd.es\/wp-content\/uploads\/2019\/09\/65304031_2454483167930119_5637648891059896320_o.jpg 1848w\" sizes=\"(max-width: 584px) 100vw, 584px\" \/><\/a><\/p>\n<p><a href=\"http:\/\/ebcd.es\/wp-content\/uploads\/2019\/09\/65467292_2454481444596958_7087751530907959296_o.jpg\"><img loading=\"lazy\" decoding=\"async\" class=\"alignnone size-large wp-image-1488\" src=\"http:\/\/ebcd.es\/wp-content\/uploads\/2019\/09\/65467292_2454481444596958_7087751530907959296_o-1024x682.jpg\" alt=\"\" width=\"584\" height=\"389\" srcset=\"https:\/\/ebcd.es\/wp-content\/uploads\/2019\/09\/65467292_2454481444596958_7087751530907959296_o-1024x682.jpg 1024w, https:\/\/ebcd.es\/wp-content\/uploads\/2019\/09\/65467292_2454481444596958_7087751530907959296_o-300x200.jpg 300w, https:\/\/ebcd.es\/wp-content\/uploads\/2019\/09\/65467292_2454481444596958_7087751530907959296_o-768x511.jpg 768w, https:\/\/ebcd.es\/wp-content\/uploads\/2019\/09\/65467292_2454481444596958_7087751530907959296_o-451x300.jpg 451w, https:\/\/ebcd.es\/wp-content\/uploads\/2019\/09\/65467292_2454481444596958_7087751530907959296_o.jpg 2041w\" sizes=\"(max-width: 584px) 100vw, 584px\" \/><\/a><\/p>\n<p><a href=\"http:\/\/ebcd.es\/wp-content\/uploads\/2019\/09\/65564772_2454482687930167_678192528792485888_o.jpg\"><img loading=\"lazy\" decoding=\"async\" class=\"alignnone size-large wp-image-1489\" src=\"http:\/\/ebcd.es\/wp-content\/uploads\/2019\/09\/65564772_2454482687930167_678192528792485888_o-1024x682.jpg\" alt=\"\" width=\"584\" height=\"389\" srcset=\"https:\/\/ebcd.es\/wp-content\/uploads\/2019\/09\/65564772_2454482687930167_678192528792485888_o-1024x682.jpg 1024w, https:\/\/ebcd.es\/wp-content\/uploads\/2019\/09\/65564772_2454482687930167_678192528792485888_o-300x200.jpg 300w, https:\/\/ebcd.es\/wp-content\/uploads\/2019\/09\/65564772_2454482687930167_678192528792485888_o-768x511.jpg 768w, https:\/\/ebcd.es\/wp-content\/uploads\/2019\/09\/65564772_2454482687930167_678192528792485888_o-451x300.jpg 451w, https:\/\/ebcd.es\/wp-content\/uploads\/2019\/09\/65564772_2454482687930167_678192528792485888_o.jpg 1848w\" sizes=\"(max-width: 584px) 100vw, 584px\" \/><\/a><\/p>\n<p>Gracias a todos por regalarnos unas im\u00e1genes tan estimulantes. Os deseamos muchos \u00e9xitos.<\/p>\n<\/div>\n","protected":false},"excerpt":{"rendered":"<p>I CERTAMEN COREOGR\u00c1FICO FIC EBC Danza FINAL Sala Russafa, Valencia Domingo, 2 Junio, 11:30 h. Estamos muy ilusionados con la celebraci\u00f3n del 1er Certamen coreogr\u00e1fico FIC EBC Danza. El p\u00fablico llen\u00f3 la Sala Russafa y todos disfrutamos en la ma\u00f1ana &hellip; <a href=\"https:\/\/ebcd.es\/?page_id=1459\">Sigue leyendo <span class=\"meta-nav\">&rarr;<\/span><\/a><\/p>\n","protected":false},"author":2,"featured_media":0,"parent":235,"menu_order":0,"comment_status":"closed","ping_status":"closed","template":"","meta":{"footnotes":""},"_links":{"self":[{"href":"https:\/\/ebcd.es\/index.php?rest_route=\/wp\/v2\/pages\/1459"}],"collection":[{"href":"https:\/\/ebcd.es\/index.php?rest_route=\/wp\/v2\/pages"}],"about":[{"href":"https:\/\/ebcd.es\/index.php?rest_route=\/wp\/v2\/types\/page"}],"author":[{"embeddable":true,"href":"https:\/\/ebcd.es\/index.php?rest_route=\/wp\/v2\/users\/2"}],"replies":[{"embeddable":true,"href":"https:\/\/ebcd.es\/index.php?rest_route=%2Fwp%2Fv2%2Fcomments&post=1459"}],"version-history":[{"count":3,"href":"https:\/\/ebcd.es\/index.php?rest_route=\/wp\/v2\/pages\/1459\/revisions"}],"predecessor-version":[{"id":1498,"href":"https:\/\/ebcd.es\/index.php?rest_route=\/wp\/v2\/pages\/1459\/revisions\/1498"}],"up":[{"embeddable":true,"href":"https:\/\/ebcd.es\/index.php?rest_route=\/wp\/v2\/pages\/235"}],"wp:attachment":[{"href":"https:\/\/ebcd.es\/index.php?rest_route=%2Fwp%2Fv2%2Fmedia&parent=1459"}],"curies":[{"name":"wp","href":"https:\/\/api.w.org\/{rel}","templated":true}]}}