{"id":1422,"date":"2019-01-25T13:24:11","date_gmt":"2019-01-25T12:24:11","guid":{"rendered":"http:\/\/ebcd.es\/?page_id=1422"},"modified":"2022-10-28T12:01:16","modified_gmt":"2022-10-28T10:01:16","slug":"fic-2018-19","status":"publish","type":"page","link":"https:\/\/ebcd.es\/?page_id=1422","title":{"rendered":"VII FIC 2018-19"},"content":{"rendered":"<p><strong>EBC DANZA \u2013 EVA BERTOMEU CENTRO DE DANZA&nbsp;SELECCION\u00d3 EL&nbsp;GRUPO DE FORMACI\u00d3N INTENSIVA Y BECA 2018\/19<\/strong><\/p>\n<p>Los integrantes del programa FIC EBC DANZA 2018-19 son:<\/p>\n<ul>\n<li>Alejandra Benet, beca completa EBC Danza 2018-19.<\/li>\n<li>Ainhoa L\u00f3pez.<\/li>\n<li>Paula Redondo. Bailarina en Ananda Dansa.<\/li>\n<li>Mar\u00eda Solera.<\/li>\n<li>Andr\u00e9s B. Rodas.<\/li>\n<li>Andrea Carri\u00f3n. Finaliza periodo en Enero 2019.<\/li>\n<li>Sonia Murillo.<\/li>\n<li>\u00c1lvaro De Mar\u00eda.<\/li>\n<li>Lydia Lluch.<\/li>\n<li>\u00c1ngela Mart\u00ednez.<\/li>\n<li>Raquel Marcos.<\/li>\n<li>Marta Llopis. Seleccionada<span class=\"text_exposed_show\">&nbsp;en la Universidad de las Artes de Z\u00fcrich, Suiza.<\/span><\/li>\n<li>Esteban Serna.<\/li>\n<\/ul>\n<p><a href=\"http:\/\/ebcd.es\/wp-content\/uploads\/2019\/02\/i-am-free.jpg\"><img loading=\"lazy\" decoding=\"async\" class=\"alignnone size-large wp-image-1444\" src=\"http:\/\/ebcd.es\/wp-content\/uploads\/2019\/02\/i-am-free-1024x683.jpg\" alt=\"\" width=\"584\" height=\"390\" srcset=\"https:\/\/ebcd.es\/wp-content\/uploads\/2019\/02\/i-am-free-1024x683.jpg 1024w, https:\/\/ebcd.es\/wp-content\/uploads\/2019\/02\/i-am-free-300x200.jpg 300w, https:\/\/ebcd.es\/wp-content\/uploads\/2019\/02\/i-am-free-768x512.jpg 768w, https:\/\/ebcd.es\/wp-content\/uploads\/2019\/02\/i-am-free-450x300.jpg 450w, https:\/\/ebcd.es\/wp-content\/uploads\/2019\/02\/i-am-free.jpg 1875w\" sizes=\"(max-width: 584px) 100vw, 584px\" \/><\/a><\/p>\n<p>Actuando el 16 de diciembre por el D\u00eda internacional de la diversidad funcional en los jardines del Palau de la M\u00fasica de Valencia.<\/p>\n<p><a href=\"http:\/\/ebcd.es\/wp-content\/uploads\/2019\/02\/I-am-free-cultura-als-barris.jpg\"><img loading=\"lazy\" decoding=\"async\" class=\"alignnone size-full wp-image-1445\" src=\"http:\/\/ebcd.es\/wp-content\/uploads\/2019\/02\/I-am-free-cultura-als-barris.jpg\" alt=\"\" width=\"1023\" height=\"677\" srcset=\"https:\/\/ebcd.es\/wp-content\/uploads\/2019\/02\/I-am-free-cultura-als-barris.jpg 1023w, https:\/\/ebcd.es\/wp-content\/uploads\/2019\/02\/I-am-free-cultura-als-barris-300x199.jpg 300w, https:\/\/ebcd.es\/wp-content\/uploads\/2019\/02\/I-am-free-cultura-als-barris-768x508.jpg 768w, https:\/\/ebcd.es\/wp-content\/uploads\/2019\/02\/I-am-free-cultura-als-barris-453x300.jpg 453w\" sizes=\"(max-width: 1023px) 100vw, 1023px\" \/><\/a><\/p>\n<p>En el Centro Cultural y Deportivo Abastos de Valencia por el ciclo \u00abCultura als barris\u00bb.<\/p>\n<p><a href=\"http:\/\/ebcd.es\/wp-content\/uploads\/2019\/02\/IMG-20181007-WA0013.jpg\"><img loading=\"lazy\" decoding=\"async\" class=\"alignnone size-large wp-image-1446\" src=\"http:\/\/ebcd.es\/wp-content\/uploads\/2019\/02\/IMG-20181007-WA0013-768x1024.jpg\" alt=\"\" width=\"584\" height=\"779\" srcset=\"https:\/\/ebcd.es\/wp-content\/uploads\/2019\/02\/IMG-20181007-WA0013-768x1024.jpg 768w, https:\/\/ebcd.es\/wp-content\/uploads\/2019\/02\/IMG-20181007-WA0013-225x300.jpg 225w, https:\/\/ebcd.es\/wp-content\/uploads\/2019\/02\/IMG-20181007-WA0013.jpg 1200w\" sizes=\"(max-width: 584px) 100vw, 584px\" \/><\/a><\/p>\n<p>Satisfacci\u00f3n por superar la primera prueba de fuego.<\/p>\n<p><a href=\"http:\/\/ebcd.es\/wp-content\/uploads\/2019\/02\/La-tuya-baja.jpg\"><img loading=\"lazy\" decoding=\"async\" class=\"alignnone size-large wp-image-1447\" src=\"http:\/\/ebcd.es\/wp-content\/uploads\/2019\/02\/La-tuya-baja-1024x768.jpg\" alt=\"\" width=\"584\" height=\"438\" srcset=\"https:\/\/ebcd.es\/wp-content\/uploads\/2019\/02\/La-tuya-baja-1024x768.jpg 1024w, https:\/\/ebcd.es\/wp-content\/uploads\/2019\/02\/La-tuya-baja-300x225.jpg 300w, https:\/\/ebcd.es\/wp-content\/uploads\/2019\/02\/La-tuya-baja-768x576.jpg 768w, https:\/\/ebcd.es\/wp-content\/uploads\/2019\/02\/La-tuya-baja-400x300.jpg 400w\" sizes=\"(max-width: 584px) 100vw, 584px\" \/><\/a><\/p>\n<p>En diciembre 2018 algunos de los integrantes del grupo FIC EBC Danza participaron en el taller de creaci\u00f3n de <strong>Perpetuum Mobile<\/strong> de <strong>La Tuya Danza<\/strong>, que bailaron en la sala Carme Teatre de Valencia. Dirigidos por <strong>Damiano O. Bigi<\/strong>, <strong>Nikola Krizkova<\/strong> y <strong>\u00c1frica Manso<\/strong>.<\/p>\n<p><a href=\"http:\/\/ebcd.es\/wp-content\/uploads\/2019\/02\/Albert-baja.jpg\"><img loading=\"lazy\" decoding=\"async\" class=\"alignnone size-large wp-image-1448\" src=\"http:\/\/ebcd.es\/wp-content\/uploads\/2019\/02\/Albert-baja-1024x768.jpg\" alt=\"\" width=\"584\" height=\"438\" srcset=\"https:\/\/ebcd.es\/wp-content\/uploads\/2019\/02\/Albert-baja-1024x768.jpg 1024w, https:\/\/ebcd.es\/wp-content\/uploads\/2019\/02\/Albert-baja-300x225.jpg 300w, https:\/\/ebcd.es\/wp-content\/uploads\/2019\/02\/Albert-baja-768x576.jpg 768w, https:\/\/ebcd.es\/wp-content\/uploads\/2019\/02\/Albert-baja-400x300.jpg 400w\" sizes=\"(max-width: 584px) 100vw, 584px\" \/><\/a><a href=\"http:\/\/ebcd.es\/wp-content\/uploads\/2019\/02\/Albert02-baja.jpg\"><img loading=\"lazy\" decoding=\"async\" class=\"alignnone size-large wp-image-1449\" src=\"http:\/\/ebcd.es\/wp-content\/uploads\/2019\/02\/Albert02-baja-1024x768.jpg\" alt=\"\" width=\"584\" height=\"438\" srcset=\"https:\/\/ebcd.es\/wp-content\/uploads\/2019\/02\/Albert02-baja-1024x768.jpg 1024w, https:\/\/ebcd.es\/wp-content\/uploads\/2019\/02\/Albert02-baja-300x225.jpg 300w, https:\/\/ebcd.es\/wp-content\/uploads\/2019\/02\/Albert02-baja-768x576.jpg 768w, https:\/\/ebcd.es\/wp-content\/uploads\/2019\/02\/Albert02-baja-400x300.jpg 400w\" sizes=\"(max-width: 584px) 100vw, 584px\" \/><\/a><\/p>\n<p>\u00daltimo d\u00eda del taller de <strong>Albert Garc\u00eda<\/strong> con el grupo FIC EBC Danza. Enero 2019.<\/p>\n","protected":false},"excerpt":{"rendered":"<p>EBC DANZA \u2013 EVA BERTOMEU CENTRO DE DANZA&nbsp;SELECCION\u00d3 EL&nbsp;GRUPO DE FORMACI\u00d3N INTENSIVA Y BECA 2018\/19 Los integrantes del programa FIC EBC DANZA 2018-19 son: Alejandra Benet, beca completa EBC Danza 2018-19. Ainhoa L\u00f3pez. Paula Redondo. Bailarina en Ananda Dansa. Mar\u00eda &hellip; <a href=\"https:\/\/ebcd.es\/?page_id=1422\">Sigue leyendo <span class=\"meta-nav\">&rarr;<\/span><\/a><\/p>\n","protected":false},"author":2,"featured_media":0,"parent":235,"menu_order":0,"comment_status":"closed","ping_status":"closed","template":"","meta":{"footnotes":""},"_links":{"self":[{"href":"https:\/\/ebcd.es\/index.php?rest_route=\/wp\/v2\/pages\/1422"}],"collection":[{"href":"https:\/\/ebcd.es\/index.php?rest_route=\/wp\/v2\/pages"}],"about":[{"href":"https:\/\/ebcd.es\/index.php?rest_route=\/wp\/v2\/types\/page"}],"author":[{"embeddable":true,"href":"https:\/\/ebcd.es\/index.php?rest_route=\/wp\/v2\/users\/2"}],"replies":[{"embeddable":true,"href":"https:\/\/ebcd.es\/index.php?rest_route=%2Fwp%2Fv2%2Fcomments&post=1422"}],"version-history":[{"count":5,"href":"https:\/\/ebcd.es\/index.php?rest_route=\/wp\/v2\/pages\/1422\/revisions"}],"predecessor-version":[{"id":1861,"href":"https:\/\/ebcd.es\/index.php?rest_route=\/wp\/v2\/pages\/1422\/revisions\/1861"}],"up":[{"embeddable":true,"href":"https:\/\/ebcd.es\/index.php?rest_route=\/wp\/v2\/pages\/235"}],"wp:attachment":[{"href":"https:\/\/ebcd.es\/index.php?rest_route=%2Fwp%2Fv2%2Fmedia&parent=1422"}],"curies":[{"name":"wp","href":"https:\/\/api.w.org\/{rel}","templated":true}]}}