{"id":1200,"date":"2018-04-12T19:44:08","date_gmt":"2018-04-12T17:44:08","guid":{"rendered":"http:\/\/ebcd.es\/?page_id=1200"},"modified":"2018-04-18T12:55:37","modified_gmt":"2018-04-18T10:55:37","slug":"per-verses","status":"publish","type":"page","link":"https:\/\/ebcd.es\/?page_id=1200","title":{"rendered":"PER-VERSES"},"content":{"rendered":"<p><a href=\"http:\/\/ebcd.es\/wp-content\/uploads\/2018\/04\/30624613_10156384603451095_6557364632250482688_n.jpg\"><img loading=\"lazy\" decoding=\"async\" class=\"alignnone size-large wp-image-1201\" src=\"http:\/\/ebcd.es\/wp-content\/uploads\/2018\/04\/30624613_10156384603451095_6557364632250482688_n-1024x724.jpg\" alt=\"\" width=\"584\" height=\"413\" \/><\/a><\/p>\n<p><strong>PER-VERSES<\/strong><br \/>\nEvocaciones ef\u00edmeras desde la l\u00edrica de la perversidad.<br \/>\nViernes, 20 Abril, de 20 a 22 h, en EBC DANZA.<\/p>\n<p>Acci\u00f3n perform\u00e1ntica para el Festival Extramurs &#8211; Distrito 008 propuesta por el grupo FIC de EBCDANZA (Formaci\u00f3n Intensiva e Investigaci\u00f3n en Danza contempor\u00e1nea, composici\u00f3n y coreograf\u00eda): Marina Capel, Elena Sevilla, Maria Moscard\u00f3, Andr\u00e9s Rodas, Sonia Murillo, Dahiana Betancourt, Beatriz Caballero, Isidro Berenguer, Andrea Carri\u00f3n, Celia P. Farf\u00e1n, Melissa Tay<span class=\"text_exposed_show\">lor, Milton Almeida y Joana Marzal.<\/span><\/p>\n<div class=\"text_exposed_show\">\n<p>Con la colaboraci\u00f3n de:<br \/>\nVERSONALIDAD, recitado<br \/>\nAlain de la Rue, esculturas<br \/>\nEva Bertomeu y Jos\u00e9 Zamit, direcci\u00f3n y asistencia art\u00edstica<br \/>\nJuan Planelles, concepci\u00f3n y coordinaci\u00f3n de proyecto.<\/p>\n<p>Entrada libre. \u00abCreacci\u00f3n\u00bb no recomendada para menores de 16 a\u00f1os. Agradecemos aportaciones voluntarias para el grupo FIC, que se destinan a financiar sus producciones de fin de curso.<\/p>\n<p>&nbsp;<\/p>\n<\/div>\n","protected":false},"excerpt":{"rendered":"<p>PER-VERSES Evocaciones ef\u00edmeras desde la l\u00edrica de la perversidad. Viernes, 20 Abril, de 20 a 22 h, en EBC DANZA. Acci\u00f3n perform\u00e1ntica para el Festival Extramurs &#8211; Distrito 008 propuesta por el grupo FIC de EBCDANZA (Formaci\u00f3n Intensiva e Investigaci\u00f3n &hellip; <a href=\"https:\/\/ebcd.es\/?page_id=1200\">Sigue leyendo <span class=\"meta-nav\">&rarr;<\/span><\/a><\/p>\n","protected":false},"author":2,"featured_media":0,"parent":1139,"menu_order":0,"comment_status":"closed","ping_status":"closed","template":"","meta":{"footnotes":""},"_links":{"self":[{"href":"https:\/\/ebcd.es\/index.php?rest_route=\/wp\/v2\/pages\/1200"}],"collection":[{"href":"https:\/\/ebcd.es\/index.php?rest_route=\/wp\/v2\/pages"}],"about":[{"href":"https:\/\/ebcd.es\/index.php?rest_route=\/wp\/v2\/types\/page"}],"author":[{"embeddable":true,"href":"https:\/\/ebcd.es\/index.php?rest_route=\/wp\/v2\/users\/2"}],"replies":[{"embeddable":true,"href":"https:\/\/ebcd.es\/index.php?rest_route=%2Fwp%2Fv2%2Fcomments&post=1200"}],"version-history":[{"count":5,"href":"https:\/\/ebcd.es\/index.php?rest_route=\/wp\/v2\/pages\/1200\/revisions"}],"predecessor-version":[{"id":1206,"href":"https:\/\/ebcd.es\/index.php?rest_route=\/wp\/v2\/pages\/1200\/revisions\/1206"}],"up":[{"embeddable":true,"href":"https:\/\/ebcd.es\/index.php?rest_route=\/wp\/v2\/pages\/1139"}],"wp:attachment":[{"href":"https:\/\/ebcd.es\/index.php?rest_route=%2Fwp%2Fv2%2Fmedia&parent=1200"}],"curies":[{"name":"wp","href":"https:\/\/api.w.org\/{rel}","templated":true}]}}