{"id":1147,"date":"2017-12-13T19:52:07","date_gmt":"2017-12-13T18:52:07","guid":{"rendered":"http:\/\/ebcd.es\/?page_id=1147"},"modified":"2018-04-18T12:29:49","modified_gmt":"2018-04-18T10:29:49","slug":"creaccion-3","status":"publish","type":"page","link":"https:\/\/ebcd.es\/?page_id=1147","title":{"rendered":"PER-FORMES"},"content":{"rendered":"<p><a href=\"http:\/\/ebcd.es\/wp-content\/uploads\/2017\/12\/Cartel-Exeo.jpg\"><img loading=\"lazy\" decoding=\"async\" class=\"alignnone size-large wp-image-1148\" src=\"http:\/\/ebcd.es\/wp-content\/uploads\/2017\/12\/Cartel-Exeo-724x1024.jpg\" alt=\"\" width=\"584\" height=\"826\" \/><\/a><\/p>\n<p><strong>PER-FORMES<\/strong><\/p>\n<p><strong>por EXEO<\/strong><\/p>\n<p>Recomendada para p\u00fablico a partir de 16 a\u00f1os.<\/p>\n<p><strong>PER-FORMES<\/strong> <span style=\"color: #ff0000;\">es una propuesta visual, est\u00e9tica y emocional que invita a recorrer el espacio cotidiano de investigaci\u00f3n y estudio de 14 prometedors artistas que integran<\/span> <strong>EXEO<\/strong><span style=\"color: #ff0000;\">. Est\u00e1is llamados a sumergiros en una instalaci\u00f3n viva, a experimentar el movimiento de su pensamiento y participar activamente de vuestra fusi\u00f3n con sus formas.<\/span><\/p>\n<p><em><strong>PER-FORMES<\/strong> <span style=\"color: #ff0000;\">\u00e9s una proposta visual, est\u00e8tica i emocional que convida a rec\u00f3rrer l&#8217;espai quotidi\u00e0 d&#8217;investigaci\u00f3 i estudi de 14 prometedores artistes que integren<\/span> <strong>EXEO<\/strong>. <span style=\"color: #ff0000;\">Esteu convidats a submergir-vos en una instal\u00b7laci\u00f3 viva, a experimentar el moviment del seu pensament i participar activament de la vostra fusi\u00f3 amb les seues formes.<\/span><\/em><\/p>\n<p>https:\/\/www.facebook.com\/152188618738023\/videos\/153653941924824\/?active_tab=discussion&#038;__xt__=33.%7B%22logging_data%22%3A%7B%22profile_id%22%3A%22753481564839508%22%2C%22event_type%22%3A%22clicked_view_event_posts%22%2C%22impression_info%22%3A%22eyJmIjp7Iml0ZW1fY291bnQiOiIwIn19%22%2C%22surface%22%3A%22www_events_permalink%22%2C%22interacted_story_type%22%3A%22236412393365972%22%2C%22session_id%22%3A%22a4c3194e37fdffebbbbd84495f823e27%22%7D%7D<\/p>\n<p>Creacci\u00f3n de <strong>EXEO<\/strong>: Joana Marzal, Elena Sevilla, Maria Moscard\u00f3, Sonia Murillo, Beatriz Caballero, Melissa Taylor, Andrea Carrion, Marina Capel, Dahiana Betancourt, Celia Pereira, Andr\u00e9s Bedoya, Nikita Anishchenko, Milton Almeida, Isidro Berenguer.<\/p>\n<p>Con la colaboraci\u00f3n de Eva Moreno, Eva Bertomeu y Juan Planelles<\/p>\n<p>*La recaudaci\u00f3n de los donativos se destina \u00edntegramente a la producci\u00f3n de los proyectos finales de EXEO, grupo de Formaci\u00f3n intensiva e investigaci\u00f3n de danza contempor\u00e1nea, composici\u00f3n y coreograf\u00eda EBCDanza. Sus trabajos finales ser\u00e1n exhibidos en la sala Carme Teatre de Valencia los d\u00edas 28, 29, 30 de junio y 1 de julio.<\/p>\n<p>Las <strong>C R E A C C I O N E S<\/strong> son piezas de danza y acciones art\u00edsticas resultado de los talleres de investigaci\u00f3n coreogr\u00e1fica y de movimiento del programa de formaci\u00f3n intensiva de EBCDanza.<\/p>\n<p><a href=\"https:\/\/www.facebook.com\/EXEO-152188618738023\/\">https:\/\/www.facebook.com\/EXEO-152188618738023\/<\/a><\/p>\n","protected":false},"excerpt":{"rendered":"<p>PER-FORMES por EXEO Recomendada para p\u00fablico a partir de 16 a\u00f1os. PER-FORMES es una propuesta visual, est\u00e9tica y emocional que invita a recorrer el espacio cotidiano de investigaci\u00f3n y estudio de 14 prometedors artistas que integran EXEO. Est\u00e1is llamados a &hellip; <a href=\"https:\/\/ebcd.es\/?page_id=1147\">Sigue leyendo <span class=\"meta-nav\">&rarr;<\/span><\/a><\/p>\n","protected":false},"author":2,"featured_media":0,"parent":1139,"menu_order":0,"comment_status":"closed","ping_status":"closed","template":"","meta":{"footnotes":""},"_links":{"self":[{"href":"https:\/\/ebcd.es\/index.php?rest_route=\/wp\/v2\/pages\/1147"}],"collection":[{"href":"https:\/\/ebcd.es\/index.php?rest_route=\/wp\/v2\/pages"}],"about":[{"href":"https:\/\/ebcd.es\/index.php?rest_route=\/wp\/v2\/types\/page"}],"author":[{"embeddable":true,"href":"https:\/\/ebcd.es\/index.php?rest_route=\/wp\/v2\/users\/2"}],"replies":[{"embeddable":true,"href":"https:\/\/ebcd.es\/index.php?rest_route=%2Fwp%2Fv2%2Fcomments&post=1147"}],"version-history":[{"count":4,"href":"https:\/\/ebcd.es\/index.php?rest_route=\/wp\/v2\/pages\/1147\/revisions"}],"predecessor-version":[{"id":1216,"href":"https:\/\/ebcd.es\/index.php?rest_route=\/wp\/v2\/pages\/1147\/revisions\/1216"}],"up":[{"embeddable":true,"href":"https:\/\/ebcd.es\/index.php?rest_route=\/wp\/v2\/pages\/1139"}],"wp:attachment":[{"href":"https:\/\/ebcd.es\/index.php?rest_route=%2Fwp%2Fv2%2Fmedia&parent=1147"}],"curies":[{"name":"wp","href":"https:\/\/api.w.org\/{rel}","templated":true}]}}