{"id":1145,"date":"2017-12-13T19:40:00","date_gmt":"2017-12-13T18:40:00","guid":{"rendered":"http:\/\/ebcd.es\/?page_id=1145"},"modified":"2018-04-18T13:08:27","modified_gmt":"2018-04-18T11:08:27","slug":"creacciones-1-y-2","status":"publish","type":"page","link":"https:\/\/ebcd.es\/?page_id=1145","title":{"rendered":"FAST FOOD"},"content":{"rendered":"<p><strong>\u00abFAST FOOD\u00bb<\/strong> \/ Direcci\u00f3n y Coreograf\u00eda:\u00a0<a class=\"profileLink\" href=\"https:\/\/www.facebook.com\/albert.g.sauri?fref=mentions\" data-hovercard=\"\/ajax\/hovercard\/user.php?id=1129871974&amp;extragetparams=%7B%22fref%22%3A%22mentions%22%7D\" data-hovercard-prefer-more-content-show=\"1\">Albert Garcia Sauri<\/a>.<\/p>\n<p>\u00abFast Food\u00bb quiere plasmar la v\u00eda que utilizamos hoy en d\u00eda para ligar a trav\u00e9s de las redes sociales, p\u00e1ginas de contacto como \u201cTinder\u201d \u201cMeetic\u201d \u201cPlanet Romeo\u201d \u201cGrinder\u201d, etc. Como nos vendemos con el postureo en fotos de perfil, discotecas, clubs&#8230; y como nos relacionamos a trav\u00e9s de mensajes de texto v\u00eda whatsapp, emoticonos o v\u00eddeos. En resoluci\u00f3n, Fast Food manifiesta que en realidad, sin darnos cuenta terminamos acost\u00e1ndonos y relacion\u00e1ndonos tod@s con tod@s porque las relaciones se aceleran a trav\u00e9s de \u00e9sta nueva \u201cforma de comunicaci\u00f3n\u201d tan r\u00e1pida y superficial.<\/p>\n<p>Int\u00e9rpretes:\u00a0Joana Marzal, Elena Sevilla, Maria Moscard\u00f3, Sonia Murillo, Beatriz Caballero, Melissa Taylor, Andrea Carrion, Marina Capel, Dahiana Betancourt, Celia Pereira, Andr\u00e9s Bedoya, Nikita Anishchenko, Milton Almeida, Isidro Berenguer.<\/p>\n<p>https:\/\/www.instagram.com\/p\/BaiqekxHxl5\/?taken-by=circuitobuclesvalencia<\/p>\n<p>&nbsp;<\/p>\n","protected":false},"excerpt":{"rendered":"<p>\u00abFAST FOOD\u00bb \/ Direcci\u00f3n y Coreograf\u00eda:\u00a0Albert Garcia Sauri. \u00abFast Food\u00bb quiere plasmar la v\u00eda que utilizamos hoy en d\u00eda para ligar a trav\u00e9s de las redes sociales, p\u00e1ginas de contacto como \u201cTinder\u201d \u201cMeetic\u201d \u201cPlanet Romeo\u201d \u201cGrinder\u201d, etc. Como nos vendemos &hellip; <a href=\"https:\/\/ebcd.es\/?page_id=1145\">Sigue leyendo <span class=\"meta-nav\">&rarr;<\/span><\/a><\/p>\n","protected":false},"author":2,"featured_media":0,"parent":1139,"menu_order":0,"comment_status":"closed","ping_status":"closed","template":"","meta":{"footnotes":""},"_links":{"self":[{"href":"https:\/\/ebcd.es\/index.php?rest_route=\/wp\/v2\/pages\/1145"}],"collection":[{"href":"https:\/\/ebcd.es\/index.php?rest_route=\/wp\/v2\/pages"}],"about":[{"href":"https:\/\/ebcd.es\/index.php?rest_route=\/wp\/v2\/types\/page"}],"author":[{"embeddable":true,"href":"https:\/\/ebcd.es\/index.php?rest_route=\/wp\/v2\/users\/2"}],"replies":[{"embeddable":true,"href":"https:\/\/ebcd.es\/index.php?rest_route=%2Fwp%2Fv2%2Fcomments&post=1145"}],"version-history":[{"count":7,"href":"https:\/\/ebcd.es\/index.php?rest_route=\/wp\/v2\/pages\/1145\/revisions"}],"predecessor-version":[{"id":1222,"href":"https:\/\/ebcd.es\/index.php?rest_route=\/wp\/v2\/pages\/1145\/revisions\/1222"}],"up":[{"embeddable":true,"href":"https:\/\/ebcd.es\/index.php?rest_route=\/wp\/v2\/pages\/1139"}],"wp:attachment":[{"href":"https:\/\/ebcd.es\/index.php?rest_route=%2Fwp%2Fv2%2Fmedia&parent=1145"}],"curies":[{"name":"wp","href":"https:\/\/api.w.org\/{rel}","templated":true}]}}