{"id":1130,"date":"2017-11-09T21:46:05","date_gmt":"2017-11-09T20:46:05","guid":{"rendered":"http:\/\/ebcd.es\/?page_id=1130"},"modified":"2022-10-25T10:49:04","modified_gmt":"2022-10-25T08:49:04","slug":"k-re-ra","status":"publish","type":"page","link":"https:\/\/ebcd.es\/?page_id=1130","title":{"rendered":"K-RE-RA"},"content":{"rendered":"<p><strong>\u00abK-RE-RA\u00bb<\/strong><\/p>\n<p>Direcci\u00f3n y coreograf\u00eda: Eva Bertomeu<\/p>\n<p>Int\u00e9rpretes: Albert Garc\u00eda, Eva Bertomeu, Lorena Ortiz, Yolanda Pe\u00f1a<\/p>\n<p>K-RE-RA muestra la necesidad de pararnos y salir de nuestra rutina, observar nuestro entorno con una nueva mirada. Ser conscientes de la vida que nos rodea y sentir y disfrutar de los encuentros del d\u00eda a d\u00eda.<\/p>\n<p>El festival INTEMPERIES, dirigido por Roc\u00edo P\u00e9rez, encarg\u00f3 a Eva Bertomeu esta pieza para que fuera interpretada en la explanada del IVAM (Instituto Valenciano de Arte Moderno), luego ha sido interpretado en otros espacios y festivales.<\/p>\n<p><iframe loading=\"lazy\" title=\"K-RE-RA - Cultura als barris\" width=\"584\" height=\"329\" src=\"https:\/\/www.youtube.com\/embed\/A29vY0ZYt90?feature=oembed\" frameborder=\"0\" allow=\"accelerometer; autoplay; clipboard-write; encrypted-media; gyroscope; picture-in-picture; web-share\" referrerpolicy=\"strict-origin-when-cross-origin\" allowfullscreen><\/iframe><\/p>\n<p>Realizaci\u00f3n y edici\u00f3n de v\u00eddeo de IR\u00d3NICAS.<\/p>\n\n\n<p><\/p>\n","protected":false},"excerpt":{"rendered":"<p>\u00abK-RE-RA\u00bb Direcci\u00f3n y coreograf\u00eda: Eva Bertomeu Int\u00e9rpretes: Albert Garc\u00eda, Eva Bertomeu, Lorena Ortiz, Yolanda Pe\u00f1a K-RE-RA muestra la necesidad de pararnos y salir de nuestra rutina, observar nuestro entorno con una nueva mirada. Ser conscientes de la vida que nos &hellip; <a href=\"https:\/\/ebcd.es\/?page_id=1130\">Sigue leyendo <span class=\"meta-nav\">&rarr;<\/span><\/a><\/p>\n","protected":false},"author":2,"featured_media":0,"parent":995,"menu_order":0,"comment_status":"closed","ping_status":"closed","template":"","meta":{"footnotes":""},"_links":{"self":[{"href":"https:\/\/ebcd.es\/index.php?rest_route=\/wp\/v2\/pages\/1130"}],"collection":[{"href":"https:\/\/ebcd.es\/index.php?rest_route=\/wp\/v2\/pages"}],"about":[{"href":"https:\/\/ebcd.es\/index.php?rest_route=\/wp\/v2\/types\/page"}],"author":[{"embeddable":true,"href":"https:\/\/ebcd.es\/index.php?rest_route=\/wp\/v2\/users\/2"}],"replies":[{"embeddable":true,"href":"https:\/\/ebcd.es\/index.php?rest_route=%2Fwp%2Fv2%2Fcomments&post=1130"}],"version-history":[{"count":4,"href":"https:\/\/ebcd.es\/index.php?rest_route=\/wp\/v2\/pages\/1130\/revisions"}],"predecessor-version":[{"id":1842,"href":"https:\/\/ebcd.es\/index.php?rest_route=\/wp\/v2\/pages\/1130\/revisions\/1842"}],"up":[{"embeddable":true,"href":"https:\/\/ebcd.es\/index.php?rest_route=\/wp\/v2\/pages\/995"}],"wp:attachment":[{"href":"https:\/\/ebcd.es\/index.php?rest_route=%2Fwp%2Fv2%2Fmedia&parent=1130"}],"curies":[{"name":"wp","href":"https:\/\/api.w.org\/{rel}","templated":true}]}}