{"id":1105,"date":"2017-10-25T20:32:10","date_gmt":"2017-10-25T18:32:10","guid":{"rendered":"http:\/\/ebcd.es\/?page_id=1105"},"modified":"2017-10-25T21:30:37","modified_gmt":"2017-10-25T19:30:37","slug":"en-el-festival-circuito-bucles-2017","status":"publish","type":"page","link":"https:\/\/ebcd.es\/?page_id=1105","title":{"rendered":"V Circuito Bucles 2017"},"content":{"rendered":"<div class=\"voc-detail-header\">\n<h1><strong>Danza en un autob\u00fas de la EMT<\/strong><\/h1>\n<p><a class=\"profileLink\" href=\"https:\/\/www.facebook.com\/eva.bertomeu.1?fref=mentions\" data-hovercard=\"\/ajax\/hovercard\/user.php?id=1402133189&amp;extragetparams=%7B%22fref%22%3A%22mentions%22%7D\" data-hovercard-prefer-more-content-show=\"1\">Eva Bertomeu<\/a>\u00a0baila y baila incluso en los autobuses si le lo pide\u00a0<a class=\"profileLink\" href=\"https:\/\/www.facebook.com\/circuitobucles\/?fref=mentions\" data-hovercard=\"\/ajax\/hovercard\/page.php?id=610603245700504&amp;extragetparams=%7B%22fref%22%3A%22mentions%22%7D\" data-hovercard-prefer-more-content-show=\"1\">Circuito Bucles, Festival de Danza en Espacios Urbanos y no Convencionales<\/a>. Imparte clases para j\u00f3venes y para profesionales de Danza contempor\u00e1nea en\u00a0<a class=\"profileLink\" href=\"https:\/\/www.facebook.com\/EBCDanza\/?fref=mentions\" data-hovercard=\"\/ajax\/hovercard\/page.php?id=83997797636&amp;extragetparams=%7B%22fref%22%3A%22mentions%22%7D\" data-hovercard-prefer-more-content-show=\"1\">EBCD &#8211; EVA BERTOMEU CIA. DANZA<\/a>. Ense\u00f1amos Danza sin prejuicios.<\/p>\n<p>https:\/\/www.instagram.com\/p\/BalReGSHwZT\/<\/p>\n<\/div>\n<div class=\"voc-detail-header\">\n<figure class=\"voc-main-figure \">\n<div class=\"voc-height-auto\"><img decoding=\"async\" title=\"\" src=\"http:\/\/static.lasprovincias.es\/www\/multimedia\/201710\/23\/media\/cortadas\/danzaemt8-kJn-U4010965341496GB-624x385@Las%20Provincias.jpg\" alt=\"\" \/><\/div><figcaption class=\"figure-caption\">Eva Bertomeu durante la actuaci\u00f3n. \/\u00a0<span class=\"voc-photo-author\">CIRCUITO BUCLES<\/span><\/figcaption><\/figure>\n<h2>El Festival de Danza en Espacios Urbanos y No Convencionales &#8216;Circuito Bucles 2017&#8217; ha comenzado este lunes con una actuaci\u00f3n de Eva Bertomeu<\/h2>\n<div class=\"voc-author-timesocial\">\n<div class=\"voc-author-info\"><a class=\"voc-author\" title=\"LAS PROVINCIAS\">LAS PROVINCIAS\u00a0<\/a><span class=\"voc-city\">Valencia<\/span><time>Lunes, 23 octubre 2017.<\/time><\/div>\n<\/div>\n<\/div>\n<p>El Festival de Danza en Espacios Urbanos y No Convencionales\u00a0<strong>&#8216;Circuito Bucles 2017&#8217;<\/strong>\u00a0tiene programadas toda una serie de actuaciones de danza por parte de la int\u00e9rprete<strong>\u00a0Eva Bertomeu\u00a0<\/strong>que han comenzado esta misma ma\u00f1ana en el interior de un autob\u00fas de la EMT durante su recorrido por algunas calles de Valencia.<\/p>\n<p>La iniciativa se celebra del<strong>\u00a021 al 29 de octubre\u00a0<\/strong>en el barrio de Banimaclet. Se trata de su V edici\u00f3n y la m\u00e1s ambiciosa: m\u00e1s de 150 int\u00e9rpretes, creadores, core\u00f3grafos emergentes y profesionales; m\u00e1s de 40 actuaciones de danza contempor\u00e1nea y espa\u00f1ola, junto con doce espect\u00e1culos y talleres para ni\u00f1os, tres workshops para bailarines, dos proyecciones de pel\u00edculas premiadas sobre danza y tres actuaciones de m\u00fasica. De este modo, y tras cuatro a\u00f1os, se consolida como uno de los\u00a0<strong>festivales urbanos m\u00e1s importantes\u00a0<\/strong>de la ciudad de Val\u00e8ncia.<\/p>\n<blockquote class=\"twitter-tweet\" data-width=\"550\" data-dnt=\"true\">\n<p lang=\"es\" dir=\"ltr\">50 espect\u00e1culos con diferentes ubicaciones en el barrio de <a href=\"https:\/\/twitter.com\/hashtag\/Benimaclet?src=hash&amp;ref_src=twsrc%5Etfw\">#Benimaclet<\/a>, en <a href=\"https:\/\/twitter.com\/hashtag\/Valencia?src=hash&amp;ref_src=twsrc%5Etfw\">#Valencia<\/a>. Es la 5\u00aa edici\u00f3n del <a href=\"https:\/\/twitter.com\/hashtag\/CircuitoBucles?src=hash&amp;ref_src=twsrc%5Etfw\">#CircuitoBucles<\/a><a href=\"https:\/\/twitter.com\/hashtag\/danza?src=hash&amp;ref_src=twsrc%5Etfw\">#danza<\/a><a href=\"https:\/\/twitter.com\/Ezurriaga?ref_src=twsrc%5Etfw\">@Ezurriaga<\/a> <a href=\"https:\/\/t.co\/E0XpUGvEMo\">pic.twitter.com\/E0XpUGvEMo<\/a><\/p>\n<p>&mdash; RTVE Comunitat Valenciana (@RTVEValencia) <a href=\"https:\/\/twitter.com\/RTVEValencia\/status\/922547146137788417?ref_src=twsrc%5Etfw\">October 23, 2017<\/a><\/p><\/blockquote>\n<p><script async src=\"https:\/\/platform.twitter.com\/widgets.js\" charset=\"utf-8\"><\/script><\/p>\n<p>El festival cuenta con el\u00a0<strong>apoyo institucional\u00a0<\/strong>constante de la Generalitat Valenciana &#8216;Culturarts&#8217;, as\u00ed como del Ayuntamiento de Valencia, sin olvidar al apoyo privado de empresas como la cervecera Alhambra.<\/p>\n<h2>Danza en azoteas, plazas y locales de Benimaclet<\/h2>\n<p>Adem\u00e1s de<strong>\u00a0actuaciones gratuitas\u00a0<\/strong>en la propia plaza del barrio y locales comerciales, esta edici\u00f3n contar\u00e1 con la singularidad de desarrollar algunas de sus piezas en lugares tan peculiares como la azotea de un edificio o en el interior de un autob\u00fas del transporte p\u00fablico municipal..<\/p>\n<figure class=\"voc-inner-figure\">\n<div class=\"voc-height-auto\"><img decoding=\"async\" src=\"http:\/\/static.lasprovincias.es\/www\/multimedia\/201710\/23\/media\/cortadas\/danzaemt10-kJn-U401096534149uYF-624x465@Las%20Provincias.jpg\" alt=\"\" \/><\/div><figcaption class=\"figure-caption\">La artista actuando en el autob\u00fas. \/\u00a0<span class=\"voc-photo-author\">CIRCUITO BUCLES<\/span><\/figcaption><\/figure>\n<h2>Siete modalidades creativas<\/h2>\n<p>Esta nueva edici\u00f3n del festival estar\u00e1 estructurada bajo siete modalidades creativas: Bucle, creaciones de\u00a0<strong>cualquier estilo de danza\u00a0<\/strong>con una duraci\u00f3n entre los 20 y 30 minutos; Bucle al Carrer, creaciones de 20 a 30 minutos destinadas a ser representadas en espacios urbanos; Minibucles, relativa a danza de peque\u00f1o formato de j\u00f3venes artistas emergentes valencianos; Tac\u00f3n y Bucles, creaciones de danza espa\u00f1ola o flamenco; Nanobucle, modalidad de peque\u00f1o formato, de 20 a 30 minutos, dirigidas a un p\u00fablico infantil y familiar; Extrabucle, creaciones de cualquier estilo de danza de mayor formato, con una duraci\u00f3n superior a 35 minutos y Sat\u00e9lite Bucles, secci\u00f3n de actividades paralelas centrada en talleres y en formaci\u00f3n con propuestas de todo tipo.<\/p>\n<h2>Integrar la danza en la sociedad e impulsar a profesionales y nuevos creadores<\/h2>\n<p>\u00danico en la Comunidad Valenciana. El festival propone<strong>\u00a0espacios alternativos\u00a0<\/strong>de programaci\u00f3n en los que la danza en general, y las creaciones coreogr\u00e1ficas de artistas emergentes en particular, se vuelven protagonistas y permiten al espectador acercarse y disfrutar de ellas desde una visi\u00f3n diferente. En su quinta edici\u00f3n, contin\u00faa con nuevas f\u00f3rmulas de intervenci\u00f3n danc\u00edstica en la ciudad de Valencia, para amateurs, profesional y el p\u00fablico en general participen.<\/p>\n<div class=\"voc-detail-header\">\n<h1>El Grupo de Formaci\u00f3n Intensiva EVA BERTOMEU DANZA en BUCLES 2017<\/h1>\n<\/div>\n<div>Las \u00abcreacciones\u00bb son piezas de danza, resultado de los talleres de investigaci\u00f3n coreogr\u00e1fica y de movimiento del programa de formaci\u00f3n intensiva de EBCDanza.<\/div>\n<div>\u00abFAST FOOD\u00bb es la 1\u00aa CREACCI\u00d3N que ve la luz.<\/div>\n<div><strong>Direcci\u00f3n y Coreograf\u00eda: Albert Garc\u00eda Saur\u00ed.<\/strong><\/div>\n<div><\/div>\n<p>https:\/\/www.instagram.com\/p\/BaiqekxHxl5\/?taken-by=circuitobuclesvalencia<\/p>\n<p>&nbsp;<\/p>\n","protected":false},"excerpt":{"rendered":"<p>Danza en un autob\u00fas de la EMT Eva Bertomeu\u00a0baila y baila incluso en los autobuses si le lo pide\u00a0Circuito Bucles, Festival de Danza en Espacios Urbanos y no Convencionales. Imparte clases para j\u00f3venes y para profesionales de Danza contempor\u00e1nea en\u00a0EBCD &hellip; <a href=\"https:\/\/ebcd.es\/?page_id=1105\">Sigue leyendo <span class=\"meta-nav\">&rarr;<\/span><\/a><\/p>\n","protected":false},"author":2,"featured_media":0,"parent":1096,"menu_order":0,"comment_status":"closed","ping_status":"closed","template":"","meta":{"footnotes":""},"_links":{"self":[{"href":"https:\/\/ebcd.es\/index.php?rest_route=\/wp\/v2\/pages\/1105"}],"collection":[{"href":"https:\/\/ebcd.es\/index.php?rest_route=\/wp\/v2\/pages"}],"about":[{"href":"https:\/\/ebcd.es\/index.php?rest_route=\/wp\/v2\/types\/page"}],"author":[{"embeddable":true,"href":"https:\/\/ebcd.es\/index.php?rest_route=\/wp\/v2\/users\/2"}],"replies":[{"embeddable":true,"href":"https:\/\/ebcd.es\/index.php?rest_route=%2Fwp%2Fv2%2Fcomments&post=1105"}],"version-history":[{"count":8,"href":"https:\/\/ebcd.es\/index.php?rest_route=\/wp\/v2\/pages\/1105\/revisions"}],"predecessor-version":[{"id":1113,"href":"https:\/\/ebcd.es\/index.php?rest_route=\/wp\/v2\/pages\/1105\/revisions\/1113"}],"up":[{"embeddable":true,"href":"https:\/\/ebcd.es\/index.php?rest_route=\/wp\/v2\/pages\/1096"}],"wp:attachment":[{"href":"https:\/\/ebcd.es\/index.php?rest_route=%2Fwp%2Fv2%2Fmedia&parent=1105"}],"curies":[{"name":"wp","href":"https:\/\/api.w.org\/{rel}","templated":true}]}}