{"id":913,"date":"2016-11-09T12:03:14","date_gmt":"2016-11-09T11:03:14","guid":{"rendered":"http:\/\/ebcd.es\/?page_id=913"},"modified":"2022-10-25T19:53:38","modified_gmt":"2022-10-25T17:53:38","slug":"el-vacio-lleno","status":"publish","type":"page","link":"http:\/\/ebcd.es\/?page_id=913","title":{"rendered":"El vac\u00edo lleno"},"content":{"rendered":"<p><iframe loading=\"lazy\" title=\"EL VACIO LLENO - EBC Danza\" width=\"584\" height=\"329\" src=\"https:\/\/www.youtube.com\/embed\/TPpJMkSFaVY?feature=oembed\" frameborder=\"0\" allow=\"accelerometer; autoplay; clipboard-write; encrypted-media; gyroscope; picture-in-picture; web-share\" referrerpolicy=\"strict-origin-when-cross-origin\" allowfullscreen><\/iframe><\/p>\n<p><strong>EL VAC\u00cdO LLENO <\/strong><em>(La danza que termina en un abrazo)<\/em><\/p>\n<h1><em>Intento alcanzar tu alma, tu mente<\/em><\/h1>\n<h1><em>y encuentro un vac\u00edo insondable,<\/em><\/h1>\n<h1><em>la ausencia completa incluso de tu voluntad,<\/em><\/h1>\n<h1><em>solo est\u00e1 tu cuerpo c\u00e1lido y fr\u00edo a la vez.<\/em><\/h1>\n<h1><em>Quiero arrancarte una mirada, una caricia o aunque sea tu rechazo.<\/em><\/h1>\n<h1><em>No hay nada peor que verte y no encontrarte.<\/em><\/h1>\n<h1><em>Veo el vac\u00edo y me pongo a su lado. Qu\u00e9 v\u00e9rtigo m\u00e1s horrible verlo llegar inexorable.<\/em><\/h1>\n<h1><em>Veo el vac\u00edo y me pongo a su lado, observ\u00e1ndolo desde fuera intento estar preparada para entrar en \u00e9l.<\/em><\/h1>\n<p>Im\u00e1genes sesgadas, fotograf\u00edas y recuerdos van y vienen como haces de luz que iluminan momentos fugaces. Historias que suceden a la vez, simult\u00e1neas en el mismo espacio esc\u00e9nico, im\u00e1genes en paralelo de vidas distintas que tienen algo en com\u00fan, que colisionan, interfieren y rebotan.<\/p>\n<p>La danza de Eva Bertomeu es transmitida a los int\u00e9rpretes, que la aprenden, evolucionan, reinterpretan y apropian. Persigue la enajenaci\u00f3n consciente de la danza y la composici\u00f3n, la transformaci\u00f3n del movimiento propio; vaciarse para llenar todos los espacios imaginables: corporales, emocionales, personales, visuales, espaciales&#8230;<\/p>\n<ul>\n<li><u>Direcci\u00f3n y coreograf\u00eda<\/u>: Eva Bertomeu<\/li>\n<li><u>Dise\u00f1o iluminaci\u00f3n<\/u>: M\u00e1ximo S\u00e1nchez<\/li>\n<li><u>Bailarines<\/u>: Lorena Ortiz, Elena Quesada, Linn\u00e9a M\u00fcller, Yolanda Pe\u00f1a, Albert Garc\u00eda, Fredo Belda<\/li>\n<li><u>M\u00fasica original<\/u>: GROUP &#8211; Subsist Records<\/li>\n<li><u>M\u00fasica<\/u>: Calexico, David Lang, Trentemoller, Mike Scott<\/li>\n<li><u>Vestuario<\/u>: Tonuca Belloch, Covadonga Velert, ebcdanza<\/li>\n<li><u>Traducci\u00f3n textos al valenciano<\/u>: Albert Garc\u00eda Hern\u00e1ndez<\/li>\n<li><u>Realizaci\u00f3n y montaje v\u00eddeo<\/u>: Gema Iglesias, Manuel Olmos<\/li>\n<li><u>Fotograf\u00eda<\/u>: Rafa Fierres, Gema Iglesias<\/li>\n<li><u>Producci\u00f3n ejecutiva<\/u>: Juan Planelles<\/li>\n<li><u>Producci\u00f3n<\/u>: Eva Bertomeu Danza<\/li>\n<\/ul>\n<p>Producci\u00f3n subvenionada por el IVC &#8211; Institut Valenci\u00e0 de Cultura\/Generalitat Valenciana, CulturArts-Teatre i Dansa.<\/p>\n<p>Se ha exhibido en los siguientes\u00a0espacios:<\/p>\n<ul>\n<li>Trabajo en progreso (Work in progress) al finalizar la Residencia de creaci\u00f3n del 14 al 18 de Marzo de 2016 en el <strong>Centro Cultural Conde Duque<\/strong>, Madrid, el 18 de Marzo de 2016. Invitada por la core\u00f3grafa Camille Hanson del colectivo \u00abCore\u00f3grafos en comunidad\u00bb.<\/li>\n<li>Trabajo en progreso (Work in progress) en la Gala del d\u00eda internacional de la Danza en la <strong>Sala Russafa<\/strong> de Valencia el 30 de Abril y el 1 de Mayo de 2016.<\/li>\n<li>Estreno 1\u00aa versi\u00f3n en la <strong>Casa de cultura de Beniparrell<\/strong>, Valencia el 19 de Noviembre de 2016.<\/li>\n<li>Estreno de\u00a0versi\u00f3n definitiva en el <strong>Teatre Rialto<\/strong> de Valencia los d\u00edas 23, 24, 25 y 26 de Marzo de 2017.<\/li>\n<\/ul>\n<p>\u00abEl vac\u00edo lleno\u00bb concreta unos principios, unas bases desde las que concebir y trabajar con la Danza.<\/p>\n","protected":false},"excerpt":{"rendered":"<p>EL VAC\u00cdO LLENO (La danza que termina en un abrazo) Intento alcanzar tu alma, tu mente y encuentro un vac\u00edo insondable, la ausencia completa incluso de tu voluntad, solo est\u00e1 tu cuerpo c\u00e1lido y fr\u00edo a la vez. Quiero arrancarte &hellip; <a href=\"http:\/\/ebcd.es\/?page_id=913\">Sigue leyendo <span class=\"meta-nav\">&rarr;<\/span><\/a><\/p>\n","protected":false},"author":2,"featured_media":0,"parent":995,"menu_order":2,"comment_status":"open","ping_status":"closed","template":"","meta":{"footnotes":""},"_links":{"self":[{"href":"http:\/\/ebcd.es\/index.php?rest_route=\/wp\/v2\/pages\/913"}],"collection":[{"href":"http:\/\/ebcd.es\/index.php?rest_route=\/wp\/v2\/pages"}],"about":[{"href":"http:\/\/ebcd.es\/index.php?rest_route=\/wp\/v2\/types\/page"}],"author":[{"embeddable":true,"href":"http:\/\/ebcd.es\/index.php?rest_route=\/wp\/v2\/users\/2"}],"replies":[{"embeddable":true,"href":"http:\/\/ebcd.es\/index.php?rest_route=%2Fwp%2Fv2%2Fcomments&post=913"}],"version-history":[{"count":20,"href":"http:\/\/ebcd.es\/index.php?rest_route=\/wp\/v2\/pages\/913\/revisions"}],"predecessor-version":[{"id":1849,"href":"http:\/\/ebcd.es\/index.php?rest_route=\/wp\/v2\/pages\/913\/revisions\/1849"}],"up":[{"embeddable":true,"href":"http:\/\/ebcd.es\/index.php?rest_route=\/wp\/v2\/pages\/995"}],"wp:attachment":[{"href":"http:\/\/ebcd.es\/index.php?rest_route=%2Fwp%2Fv2%2Fmedia&parent=913"}],"curies":[{"name":"wp","href":"https:\/\/api.w.org\/{rel}","templated":true}]}}