{"id":659,"date":"2015-06-25T15:00:48","date_gmt":"2015-06-25T13:00:48","guid":{"rendered":"http:\/\/ebcd.es\/?page_id=659"},"modified":"2023-08-11T16:25:01","modified_gmt":"2023-08-11T14:25:01","slug":"programa-intensivo-2015-2016","status":"publish","type":"page","link":"http:\/\/ebcd.es\/?page_id=659","title":{"rendered":"IV FIC 2015-16"},"content":{"rendered":"\n<div style=\"text-align: center;\"><strong>Grupo del programa de formaci\u00f3n intensiva FIC EBC Danza 2015-2016<\/strong><\/div>\n\n\n\n<figure class=\"wp-block-image\"><a href=\"http:\/\/ebcd.es\/wp-content\/uploads\/2015\/06\/IMGA0014.jpg\"><img loading=\"lazy\" decoding=\"async\" width=\"576\" height=\"1024\" src=\"http:\/\/ebcd.es\/wp-content\/uploads\/2015\/06\/IMGA0014-576x1024.jpg\" alt=\"\" class=\"wp-image-708\" title=\"IMGA0014\" srcset=\"http:\/\/ebcd.es\/wp-content\/uploads\/2015\/06\/IMGA0014-576x1024.jpg 576w, http:\/\/ebcd.es\/wp-content\/uploads\/2015\/06\/IMGA0014-168x300.jpg 168w, http:\/\/ebcd.es\/wp-content\/uploads\/2015\/06\/IMGA0014.jpg 1080w\" sizes=\"(max-width: 576px) 100vw, 576px\" \/><\/a><\/figure>\n\n\n\n<ul>\n<li>Estefan\u00eda Molina<\/li>\n\n\n\n<li>Elisa Ram\u00f3n<\/li>\n\n\n\n<li>Laura Garc\u00eda<\/li>\n\n\n\n<li>Alba Gald\u00f3n<\/li>\n\n\n\n<li>Patricia Gim\u00e9nez<\/li>\n\n\n\n<li>Linn\u00e9a M\u00fcller<\/li>\n\n\n\n<li>Neus Rodrigo<\/li>\n\n\n\n<li>Carolina Almendros<\/li>\n\n\n\n<li>Agurtzane Gallego<\/li>\n<\/ul>\n\n\n\n<figure class=\"wp-block-image\"><a href=\"http:\/\/ebcd.es\/wp-content\/uploads\/2013\/04\/ANAL\u00d3GICAS-Vuelta-a-empezar.jpg\"><img loading=\"lazy\" decoding=\"async\" width=\"726\" height=\"1024\" src=\"http:\/\/ebcd.es\/wp-content\/uploads\/2013\/04\/ANAL\u00d3GICAS-Vuelta-a-empezar-726x1024.jpg\" alt=\"\" class=\"wp-image-796\" title=\"ANAL\u00d3GICAS Vuelta a empezar\" srcset=\"http:\/\/ebcd.es\/wp-content\/uploads\/2013\/04\/ANAL\u00d3GICAS-Vuelta-a-empezar-726x1024.jpg 726w, http:\/\/ebcd.es\/wp-content\/uploads\/2013\/04\/ANAL\u00d3GICAS-Vuelta-a-empezar-212x300.jpg 212w, http:\/\/ebcd.es\/wp-content\/uploads\/2013\/04\/ANAL\u00d3GICAS-Vuelta-a-empezar.jpg 1116w\" sizes=\"(max-width: 726px) 100vw, 726px\" \/><\/a><\/figure>\n\n\n\n<div>6 mujeres se embarcan en una aventura de 10 meses con un objetivo asombroso. Deben concebir su propia existencia como compa\u00f1\u00eda de danza, bailar, componer y crear su propio espect\u00e1culo de Danza. Casi al final de su aventura en el programa de formaci\u00f3n intensiva de EBCD &#8211; EVA BERTOMEU CIA. DANZA, 6 luchadoras exhiben el resultado de perseverancia, su entrega y su propia obra.<br>\n<a href=\"https:\/\/www.facebook.com\/mireia.torresferragud\" data-hovercard=\"\/ajax\/hovercard\/user.php?id=100001258716329\">Mireia Torres Ferragud<\/a>,&nbsp;<a href=\"https:\/\/www.facebook.com\/alba.galdongarcia\" data-hovercard=\"\/ajax\/hovercard\/user.php?id=100000376825606\">Alba Galdon Garcia<\/a>,&nbsp;<a href=\"https:\/\/www.facebook.com\/linnea.muller.7\" data-hovercard=\"\/ajax\/hovercard\/user.php?id=557225708\">Linn\u00e9a M\u00fcller<\/a>,&nbsp;<a href=\"https:\/\/www.facebook.com\/neus.rodrigo.94\" data-hovercard=\"\/ajax\/hovercard\/user.php?id=100006714813070\">Neus Rodrigo<\/a>,<a href=\"https:\/\/www.facebook.com\/estefania.molina.902\" data-hovercard=\"\/ajax\/hovercard\/user.php?id=100002914412575\">Estefania Molina<\/a>&nbsp;y&nbsp;<a href=\"https:\/\/www.facebook.com\/elisa.ramonrodrigo\" data-hovercard=\"\/ajax\/hovercard\/user.php?id=100006801214505\">Elisa Ram\u00f3n Rodrigo<\/a>&nbsp;presentan a Anal\u00f3gicas Cia. de Danza con su primera obra, <strong>\u00abVuelta a empezar\u00bb<\/strong>, el 26, 27, 28 y 29 de Mayo en la Sala Ultramar.<\/div>\n","protected":false},"excerpt":{"rendered":"<p>Grupo del programa de formaci\u00f3n intensiva FIC EBC Danza 2015-2016 6 mujeres se embarcan en una aventura de 10 meses con un objetivo asombroso. Deben concebir su propia existencia como compa\u00f1\u00eda de danza, bailar, componer y crear su propio espect\u00e1culo &hellip; <a href=\"http:\/\/ebcd.es\/?page_id=659\">Sigue leyendo <span class=\"meta-nav\">&rarr;<\/span><\/a><\/p>\n","protected":false},"author":2,"featured_media":0,"parent":235,"menu_order":0,"comment_status":"closed","ping_status":"open","template":"","meta":{"footnotes":""},"_links":{"self":[{"href":"http:\/\/ebcd.es\/index.php?rest_route=\/wp\/v2\/pages\/659"}],"collection":[{"href":"http:\/\/ebcd.es\/index.php?rest_route=\/wp\/v2\/pages"}],"about":[{"href":"http:\/\/ebcd.es\/index.php?rest_route=\/wp\/v2\/types\/page"}],"author":[{"embeddable":true,"href":"http:\/\/ebcd.es\/index.php?rest_route=\/wp\/v2\/users\/2"}],"replies":[{"embeddable":true,"href":"http:\/\/ebcd.es\/index.php?rest_route=%2Fwp%2Fv2%2Fcomments&post=659"}],"version-history":[{"count":18,"href":"http:\/\/ebcd.es\/index.php?rest_route=\/wp\/v2\/pages\/659\/revisions"}],"predecessor-version":[{"id":2101,"href":"http:\/\/ebcd.es\/index.php?rest_route=\/wp\/v2\/pages\/659\/revisions\/2101"}],"up":[{"embeddable":true,"href":"http:\/\/ebcd.es\/index.php?rest_route=\/wp\/v2\/pages\/235"}],"wp:attachment":[{"href":"http:\/\/ebcd.es\/index.php?rest_route=%2Fwp%2Fv2%2Fmedia&parent=659"}],"curies":[{"name":"wp","href":"https:\/\/api.w.org\/{rel}","templated":true}]}}