{"id":1736,"date":"2022-04-29T17:48:09","date_gmt":"2022-04-29T15:48:09","guid":{"rendered":"http:\/\/ebcd.es\/?page_id=1736"},"modified":"2022-04-29T17:48:09","modified_gmt":"2022-04-29T15:48:09","slug":"dia-internacional-de-la-danza","status":"publish","type":"page","link":"http:\/\/ebcd.es\/?page_id=1736","title":{"rendered":"D\u00eda Internacional de la Danza"},"content":{"rendered":"\n<figure class=\"wp-block-embed is-type-video is-provider-youtube wp-block-embed-youtube wp-embed-aspect-16-9 wp-has-aspect-ratio\"><div class=\"wp-block-embed__wrapper\">\n<iframe loading=\"lazy\" title=\"FIC EBC Danza 2012 - 22 \/ DID 2022\" width=\"584\" height=\"329\" src=\"https:\/\/www.youtube.com\/embed\/OBM5g0GkqiY?feature=oembed\" frameborder=\"0\" allow=\"accelerometer; autoplay; clipboard-write; encrypted-media; gyroscope; picture-in-picture; web-share\" referrerpolicy=\"strict-origin-when-cross-origin\" allowfullscreen><\/iframe>\n<\/div><\/figure>\n\n\n\n<p class=\"has-text-align-center\">FIC EBC Danza: 10 a\u00f1os danzando intensamente.<\/p>\n\n\n\n<p class=\"has-text-align-center\">\u00a1\u00a1\u00a1Feliz D\u00eda internacional de la Danza!!! Happy International Dance Day!!!<\/p>\n\n\n\n<p class=\"has-text-align-center\">Pr\u00f3xima Audici\u00f3n 11 FIC EBC Danza, S\u00e1bado 4 de Junio de 2022.<\/p>\n\n\n\n<p class=\"has-text-align-center\">Call for audition 11th FIC EBC Danza, Saturday, June 4th, 2022.<\/p>\n","protected":false},"excerpt":{"rendered":"<p>FIC EBC Danza: 10 a\u00f1os danzando intensamente. \u00a1\u00a1\u00a1Feliz D\u00eda internacional de la Danza!!! Happy International Dance Day!!! Pr\u00f3xima Audici\u00f3n 11 FIC EBC Danza, S\u00e1bado 4 de Junio de 2022. Call for audition 11th FIC EBC Danza, Saturday, June 4th, 2022.<\/p>\n","protected":false},"author":2,"featured_media":0,"parent":0,"menu_order":0,"comment_status":"closed","ping_status":"closed","template":"","meta":{"footnotes":""},"_links":{"self":[{"href":"http:\/\/ebcd.es\/index.php?rest_route=\/wp\/v2\/pages\/1736"}],"collection":[{"href":"http:\/\/ebcd.es\/index.php?rest_route=\/wp\/v2\/pages"}],"about":[{"href":"http:\/\/ebcd.es\/index.php?rest_route=\/wp\/v2\/types\/page"}],"author":[{"embeddable":true,"href":"http:\/\/ebcd.es\/index.php?rest_route=\/wp\/v2\/users\/2"}],"replies":[{"embeddable":true,"href":"http:\/\/ebcd.es\/index.php?rest_route=%2Fwp%2Fv2%2Fcomments&post=1736"}],"version-history":[{"count":1,"href":"http:\/\/ebcd.es\/index.php?rest_route=\/wp\/v2\/pages\/1736\/revisions"}],"predecessor-version":[{"id":1737,"href":"http:\/\/ebcd.es\/index.php?rest_route=\/wp\/v2\/pages\/1736\/revisions\/1737"}],"wp:attachment":[{"href":"http:\/\/ebcd.es\/index.php?rest_route=%2Fwp%2Fv2%2Fmedia&parent=1736"}],"curies":[{"name":"wp","href":"https:\/\/api.w.org\/{rel}","templated":true}]}}