{"id":1566,"date":"2021-04-28T13:06:57","date_gmt":"2021-04-28T11:06:57","guid":{"rendered":"http:\/\/ebcd.es\/?page_id=1566"},"modified":"2023-02-15T11:10:58","modified_gmt":"2023-02-15T10:10:58","slug":"fic-2012-13","status":"publish","type":"page","link":"http:\/\/ebcd.es\/?page_id=1566","title":{"rendered":"I FIC 2012-13"},"content":{"rendered":"<p><a href=\"http:\/\/ebcd.es\/wp-content\/uploads\/2021\/04\/FIC-2012-13.jpg\"><img loading=\"lazy\" decoding=\"async\" class=\"alignnone size-large wp-image-1567\" src=\"http:\/\/ebcd.es\/wp-content\/uploads\/2021\/04\/FIC-2012-13-1024x576.jpg\" alt=\"\" width=\"584\" height=\"329\" srcset=\"http:\/\/ebcd.es\/wp-content\/uploads\/2021\/04\/FIC-2012-13-1024x576.jpg 1024w, http:\/\/ebcd.es\/wp-content\/uploads\/2021\/04\/FIC-2012-13-300x169.jpg 300w, http:\/\/ebcd.es\/wp-content\/uploads\/2021\/04\/FIC-2012-13-768x432.jpg 768w, http:\/\/ebcd.es\/wp-content\/uploads\/2021\/04\/FIC-2012-13-500x281.jpg 500w, http:\/\/ebcd.es\/wp-content\/uploads\/2021\/04\/FIC-2012-13.jpg 1920w\" sizes=\"(max-width: 584px) 100vw, 584px\" \/><\/a><\/p>\n\n\n<p><strong>FIC EBC Danza 2012-13<\/strong><\/p>\n\n\n\n<p>Helena G\u00f3mez, Rafael Perets, Aysel Imamkulieva, Blanca Arias, Elena Quesada, Andrea Alabau, Sandra Perell\u00f3, Adri\u00e1n Ros, Tina For\u00e9s.<\/p>\n","protected":false},"excerpt":{"rendered":"<p>FIC EBC Danza 2012-13 Helena G\u00f3mez, Rafael Perets, Aysel Imamkulieva, Blanca Arias, Elena Quesada, Andrea Alabau, Sandra Perell\u00f3, Adri\u00e1n Ros, Tina For\u00e9s.<\/p>\n","protected":false},"author":2,"featured_media":0,"parent":235,"menu_order":1,"comment_status":"closed","ping_status":"closed","template":"","meta":{"footnotes":""},"_links":{"self":[{"href":"http:\/\/ebcd.es\/index.php?rest_route=\/wp\/v2\/pages\/1566"}],"collection":[{"href":"http:\/\/ebcd.es\/index.php?rest_route=\/wp\/v2\/pages"}],"about":[{"href":"http:\/\/ebcd.es\/index.php?rest_route=\/wp\/v2\/types\/page"}],"author":[{"embeddable":true,"href":"http:\/\/ebcd.es\/index.php?rest_route=\/wp\/v2\/users\/2"}],"replies":[{"embeddable":true,"href":"http:\/\/ebcd.es\/index.php?rest_route=%2Fwp%2Fv2%2Fcomments&post=1566"}],"version-history":[{"count":6,"href":"http:\/\/ebcd.es\/index.php?rest_route=\/wp\/v2\/pages\/1566\/revisions"}],"predecessor-version":[{"id":1885,"href":"http:\/\/ebcd.es\/index.php?rest_route=\/wp\/v2\/pages\/1566\/revisions\/1885"}],"up":[{"embeddable":true,"href":"http:\/\/ebcd.es\/index.php?rest_route=\/wp\/v2\/pages\/235"}],"wp:attachment":[{"href":"http:\/\/ebcd.es\/index.php?rest_route=%2Fwp%2Fv2%2Fmedia&parent=1566"}],"curies":[{"name":"wp","href":"https:\/\/api.w.org\/{rel}","templated":true}]}}