{"id":1081,"date":"2017-09-29T19:49:57","date_gmt":"2017-09-29T17:49:57","guid":{"rendered":"http:\/\/ebcd.es\/?page_id=1081"},"modified":"2021-08-31T11:54:51","modified_gmt":"2021-08-31T09:54:51","slug":"1081-2","status":"publish","type":"page","link":"http:\/\/ebcd.es\/?page_id=1081","title":{"rendered":"Roser L\u00f3pez Espinosa"},"content":{"rendered":"<p><strong style=\"color: #ff0000;\">ROSER L\u00d3PEZ ESPINOSA<\/strong><\/p>\n<div class=\"\" data-block=\"true\" data-editor=\"ge1u\" data-offset-key=\"d6sit-0-0\">\n<div class=\"_1mf _1mj\" data-offset-key=\"d6sit-0-0\"><strong>Intensivo de Danza Contempor\u00e1nea en Eva Bertomeu Danza<\/strong><\/div>\n<\/div>\n<div class=\"\" data-block=\"true\" data-editor=\"ge1u\" data-offset-key=\"6c8ul-0-0\">\n<div class=\"_1mf _1mj\" data-offset-key=\"6c8ul-0-0\"><strong>27-28-29-30 Diciembre, 10-14 horas<\/strong><\/div>\n<\/div>\n<div class=\"_1mf _1mj\" data-offset-key=\"6c8ul-0-0\"><\/div>\n<div class=\"_1mf _1mj\" data-offset-key=\"6c8ul-0-0\"><strong>\u00a1\u00a1\u00a1 PLAZAS AGOTADAS !!!\u00a0 \u00a0 \u00a0 \u00a0 SOLD OUT !!!<\/strong><\/div>\n<div class=\"\" data-block=\"true\" data-editor=\"ge1u\" data-offset-key=\"ahg4i-0-0\">\n<div class=\"_1mf _1mj\" data-offset-key=\"ahg4i-0-0\"><span data-offset-key=\"ahg4i-0-0\">\u00a0<\/span><\/div>\n<\/div>\n<div class=\"\" data-block=\"true\" data-editor=\"ge1u\" data-offset-key=\"3m00r-0-0\">\n<div class=\"_1mf _1mj\" data-offset-key=\"3m00r-0-0\">Se entregar\u00e1 certificado de participaci\u00f3n.<\/div>\n<\/div>\n<div class=\"\" data-block=\"true\" data-editor=\"ge1u\" data-offset-key=\"28nl9-0-0\">\n<div class=\"_1mf _1mj\" data-offset-key=\"28nl9-0-0\"><span data-offset-key=\"28nl9-0-0\">Plazas limitadas.<\/span><\/div>\n<\/div>\n<div class=\"\" data-block=\"true\" data-editor=\"ge1u\" data-offset-key=\"eliqk-0-0\">\n<div class=\"_1mf _1mj\" data-offset-key=\"eliqk-0-0\"><strong>\u00a0<\/strong><\/div>\n<\/div>\n<div class=\"\" data-block=\"true\" data-editor=\"ge1u\" data-offset-key=\"57s8u-0-0\">\n<div class=\"_1mf _1mj\" data-offset-key=\"57s8u-0-0\"><span data-offset-key=\"57s8u-0-0\"><strong>info &amp; inscription:<\/strong> produccionebcd@gmail.com \/ +34 608254875<\/span><\/div>\n<\/div>\n<div class=\"\" data-block=\"true\" data-editor=\"ge1u\" data-offset-key=\"tbgn-0-0\">\n<div class=\"_1mf _1mj\" data-offset-key=\"tbgn-0-0\"><span data-offset-key=\"tbgn-0-0\"><strong>Eva Bertomeu Danza<\/strong>. Calle Navarra 20 bajo. Valencia, Espa\u00f1a<\/span><\/div>\n<\/div>\n<div class=\"\" data-block=\"true\" data-editor=\"ge1u\" data-offset-key=\"94hae-0-0\">\n<div class=\"_1mf _1mj\" data-offset-key=\"94hae-0-0\"><span data-offset-key=\"94hae-0-0\">https:\/\/goo.gl\/maps\/mVbU2f7gXup<\/span><\/div>\n<\/div>\n<div class=\"\" data-block=\"true\" data-editor=\"ge1u\" data-offset-key=\"6rq0i-0-0\">\n<div class=\"_1mf _1mj\" data-offset-key=\"6rq0i-0-0\"><span data-offset-key=\"6rq0i-0-0\">\u00a0<\/span><\/div>\n<\/div>\n<div class=\"\" data-block=\"true\" data-editor=\"ge1u\" data-offset-key=\"4ktqq-0-0\">\n<div class=\"_1mf _1mj\" data-offset-key=\"4ktqq-0-0\"><strong>T\u00e9cnicas de suelo \/ Partnering \/ Herramientas de creaci\u00f3n<\/strong><\/div>\n<\/div>\n<div class=\"\" data-block=\"true\" data-editor=\"ge1u\" data-offset-key=\"cni5s-0-0\">\n<div class=\"_1mf _1mj\" data-offset-key=\"cni5s-0-0\">Este taller propone un trabajo t\u00e9cnico y de investigaci\u00f3n f\u00edsica, as\u00ed como una pr\u00e1ctica de herramientas de creaci\u00f3n. Nos aproximaremos al movimiento en base a un cuerpo articulado, suave, \u00e1gil, veloz y potente, utilizando la riqueza de movimiento de la columna como motor: curvas, torsiones, espirales, encadenados, ondulaciones y movimientos combinados. Pasaremos por pr\u00e1cticas de trabajo de suelo, rolls, peque\u00f1os movimientos acrob\u00e1ticos, saltos y planeos. Haremos trabajo de pareja y partnering de grupo, construyendo \u201carquitecturas de un solo cuerpo\u201d o \u201cnudos\u201d y creando estrategias de contacto con un toque acrob\u00e1tico, caminos f\u00edsicos compartidos m\u00e1s complejos. Despertaremos la escucha as\u00ed como el sentido de equipo y de colaboraci\u00f3n para realizar trayectorias r\u00e1pidas en el espacio. Y pondremos en pr\u00e1ctica los diferentes alcances de la mirada, el detalle, la precisi\u00f3n y el juego.<\/div>\n<\/div>\n<div class=\"\" data-block=\"true\" data-editor=\"ge1u\" data-offset-key=\"4g03-0-0\"><\/div>\n<div class=\"\" data-block=\"true\" data-editor=\"ge1u\" data-offset-key=\"3jbu0-0-0\"><\/div>\n<div class=\"\" data-block=\"true\" data-editor=\"ge1u\" data-offset-key=\"18gaq-0-0\"><\/div>\n<p><iframe loading=\"lazy\" title=\"THE FLOCK | Roser Lo\u0301pez Espinosa &amp; MTD2 Amsterdam 2016\" width=\"584\" height=\"329\" src=\"https:\/\/www.youtube.com\/embed\/hjuXwepKdeY?feature=oembed\" frameborder=\"0\" allow=\"accelerometer; autoplay; clipboard-write; encrypted-media; gyroscope; picture-in-picture; web-share\" referrerpolicy=\"strict-origin-when-cross-origin\" allowfullscreen><\/iframe><\/p>\n<div class=\"\" data-block=\"true\" data-editor=\"ge1u\" data-offset-key=\"3jbu0-0-0\">\n<div class=\"_1mf _1mj\" data-offset-key=\"3jbu0-0-0\"><span data-offset-key=\"3jbu0-0-0\"><strong>ROSER L\u00d3PEZ ESPINOSA<\/strong> (Granollers 1980) es licenciada en Danza Contempor\u00e1nea por la MTD \u2013 Theaterschool \/ Escuela Superior de Artes de \u00c1msterdam (Holanda). En 2005 recibe la beca danceWEB de Viena y sigue entrenamientos con el ex entrenador ol\u00edmpico de gimnasia Jaume Mir\u00f3.<\/span><\/div>\n<\/div>\n<div class=\"\" data-block=\"true\" data-editor=\"ge1u\" data-offset-key=\"97vsc-0-0\">\n<div class=\"_1mf _1mj\" data-offset-key=\"97vsc-0-0\"><span data-offset-key=\"97vsc-0-0\">http:\/\/www.roserlopez.com\/creacio.html <\/span><\/div>\n<\/div>\n<div class=\"_1mf _1mj\" data-offset-key=\"fqmmp-0-0\"><a href=\"http:\/\/ebcd.es\/wp-content\/uploads\/2017\/09\/Photo_portrait.ROSER-LO\u0301PEZ_ESPINOSA.107\u00a9LuisCastilla2013.jpg\"><img loading=\"lazy\" decoding=\"async\" class=\"alignnone size-large wp-image-1082\" src=\"http:\/\/ebcd.es\/wp-content\/uploads\/2017\/09\/Photo_portrait.ROSER-LO\u0301PEZ_ESPINOSA.107\u00a9LuisCastilla2013-1024x683.jpg\" alt=\"\" width=\"584\" height=\"390\" srcset=\"http:\/\/ebcd.es\/wp-content\/uploads\/2017\/09\/Photo_portrait.ROSER-LO\u0301PEZ_ESPINOSA.107\u00a9LuisCastilla2013-1024x683.jpg 1024w, http:\/\/ebcd.es\/wp-content\/uploads\/2017\/09\/Photo_portrait.ROSER-LO\u0301PEZ_ESPINOSA.107\u00a9LuisCastilla2013-300x200.jpg 300w, http:\/\/ebcd.es\/wp-content\/uploads\/2017\/09\/Photo_portrait.ROSER-LO\u0301PEZ_ESPINOSA.107\u00a9LuisCastilla2013-768x512.jpg 768w, http:\/\/ebcd.es\/wp-content\/uploads\/2017\/09\/Photo_portrait.ROSER-LO\u0301PEZ_ESPINOSA.107\u00a9LuisCastilla2013-450x300.jpg 450w\" sizes=\"(max-width: 584px) 100vw, 584px\" \/><\/a><\/div>\n<div class=\"\" data-block=\"true\" data-editor=\"ge1u\" data-offset-key=\"csc5n-0-0\">\n<div class=\"_1mf _1mj\" data-offset-key=\"csc5n-0-0\"><span data-offset-key=\"csc5n-0-0\">Baila en Holanda con la Magpie Music Dance Company de Katie Duck, Pere Faura y Marta Reig Torres, cuya pieza More Day More Night es seleccionada por el Nederlandse Dansdagen Festival como una de las mejores producciones del 2005 en Holanda.<\/span><\/div>\n<\/div>\n<div class=\"\" data-block=\"true\" data-editor=\"ge1u\" data-offset-key=\"3b6qp-0-0\">\n<div class=\"_1mf _1mj\" data-offset-key=\"3b6qp-0-0\"><span data-offset-key=\"3b6qp-0-0\">\u00a0<\/span><\/div>\n<\/div>\n<div class=\"\" data-block=\"true\" data-editor=\"ge1u\" data-offset-key=\"3cg83-0-0\">\n<div class=\"_1mf _1mj\" data-offset-key=\"3cg83-0-0\"><span data-offset-key=\"3cg83-0-0\">En Barcelona mantiene una estrecha colaboraci\u00f3n con \u00c0ngels Margarit \/ Cia Mudances,bailando las piezas de grupo Kolbebasar, Flexelf, Capricis y el solo de renombre internacional Corol\u2022la. Colabora tambi\u00e9n con Cesc Gelabert y el cineasta Isaki Lacuesta, Iago Pericot, Bebeto Cidra y Las Malqueridas, entre otros.<\/span><\/div>\n<\/div>\n<div class=\"\" data-block=\"true\" data-editor=\"ge1u\" data-offset-key=\"cbsqb-0-0\">\n<div class=\"_1mf _1mj\" data-offset-key=\"cbsqb-0-0\"><span data-offset-key=\"cbsqb-0-0\">\u00a0<\/span><\/div>\n<\/div>\n<div class=\"\" data-block=\"true\" data-editor=\"ge1u\" data-offset-key=\"6niak-0-0\">\n<div class=\"_1mf _1mj\" data-offset-key=\"6niak-0-0\"><span data-offset-key=\"6niak-0-0\">Desarrolla en paralelo su propio trabajo de creaci\u00f3n desde 2006, con piezas como The lizard\u2019s skin, C\u00f2ncau y Miniatura, que han recibido el reconocimiento internacional con el Primer Premio de Solos en el Festival Masdanza, premios en el Certamen de Burgos-NY y en el Certamen de Madrid, han formado parte de la gira europea Aerowaves y se han programado en festivales como Julidans Festival en Amsterdam, Tanec Praha en Praga, Aerowaves Spring Forwards en Ljubljana, Terni Festival di Creazione Contemporanea, entre otros, as\u00ed como en la Biblioteca de Alejandr\u00eda (Egipto) y Yokohama (Jap\u00f3n).<\/span><\/div>\n<\/div>\n<div class=\"\" data-block=\"true\" data-editor=\"ge1u\" data-offset-key=\"81mpu-0-0\">\n<div class=\"_1mf _1mj\" data-offset-key=\"81mpu-0-0\"><span data-offset-key=\"81mpu-0-0\">\u00a0<\/span><\/div>\n<\/div>\n<div class=\"\" data-block=\"true\" data-editor=\"ge1u\" data-offset-key=\"6r6uh-0-0\">\n<div class=\"_1mf _1mj\" data-offset-key=\"6r6uh-0-0\"><span data-offset-key=\"6r6uh-0-0\">En 2011 la revista de danza Susy-Q la considera uno de los cinco j\u00f3venes core\u00f3grafos m\u00e1s prometedores del panorama espa\u00f1ol.<\/span><\/div>\n<\/div>\n<div class=\"\" data-block=\"true\" data-editor=\"ge1u\" data-offset-key=\"cu968-0-0\">\n<div class=\"_1mf _1mj\" data-offset-key=\"cu968-0-0\"><span data-offset-key=\"cu968-0-0\">\u00a0<\/span><\/div>\n<\/div>\n<div class=\"\" data-block=\"true\" data-editor=\"ge1u\" data-offset-key=\"1a10b-0-0\">\n<div class=\"_1mf _1mj\" data-offset-key=\"1a10b-0-0\"><span data-offset-key=\"1a10b-0-0\">En 2012 estrena Before we fall y Stranger &amp; Stranger (Festival Grec de Barcelona, coproducido por La Caldera en Barcelona y Circuit-Est en Montr\u00e9al (Canad\u00e1).<\/span><\/div>\n<\/div>\n<div class=\"\" data-block=\"true\" data-editor=\"ge1u\" data-offset-key=\"6md8a-0-0\">\n<div class=\"_1mf _1mj\" data-offset-key=\"6md8a-0-0\"><span data-offset-key=\"6md8a-0-0\">\u00a0<\/span><\/div>\n<\/div>\n<div class=\"\" data-block=\"true\" data-editor=\"ge1u\" data-offset-key=\"bdhaq-0-0\">\n<div class=\"_1mf _1mj\" data-offset-key=\"bdhaq-0-0\"><span data-offset-key=\"bdhaq-0-0\">En 2013 estrena Lowland en coproducci\u00f3n con el Mercat de les Flors, espect\u00e1culo que en la actualidad sigue de gira internacional: CDC Les Hivernales en Avignon (Francia), Aerowaves Spring Forwards Barcelona, Festival Temporada Alta en Girona, Korzo Theater de La Haya, (Holanda), Interplay Festival en Torino (Italia), Festival Prisma de Pranam\u00e1, Festival Danzalborde en Valpara\u00edso (Chile), FIDIC de Buenos Aires (Argentina), Rencontres Essone Dance en Evry (Francia), etc. <\/span><\/div>\n<\/div>\n<div class=\"\" data-block=\"true\" data-editor=\"ge1u\" data-offset-key=\"6mk7e-0-0\">\n<div class=\"_1mf _1mj\" data-offset-key=\"6mk7e-0-0\"><span data-offset-key=\"6mk7e-0-0\">\u00a0<\/span><\/div>\n<\/div>\n<div class=\"\" data-block=\"true\" data-editor=\"ge1u\" data-offset-key=\"1dpgi-0-0\">\n<div class=\"_1mf _1mj\" data-offset-key=\"1dpgi-0-0\"><span data-offset-key=\"1dpgi-0-0\">En 2014 crea la pieza Hand to hand para la prestigiosa compa\u00f1\u00eda holandesa Conny Janssen Danst (programa Danslokaal) en coproducci\u00f3n con Dansateliers, que la selecciona para la gira en Holanda en 2015 e inicia su gira internacional en 2016.<\/span><\/div>\n<\/div>\n<div class=\"\" data-block=\"true\" data-editor=\"ge1u\" data-offset-key=\"d4qb4-0-0\">\n<div class=\"_1mf _1mj\" data-offset-key=\"d4qb4-0-0\"><span data-offset-key=\"d4qb4-0-0\">\u00a0<\/span><\/div>\n<\/div>\n<div class=\"\" data-block=\"true\" data-editor=\"ge1u\" data-offset-key=\"5gkqt-0-0\">\n<div class=\"_1mf _1mj\" data-offset-key=\"5gkqt-0-0\"><span data-offset-key=\"5gkqt-0-0\">Estrena Noviembre en el Festival Moving Futures de Rotterdam 2015, en coproducci\u00f3n con Dansateliers y el apoyo del Graner y La Pedrera en Barcelona. Programada en el Festival S\u00e2lmon&lt; del Mercat de les Flors de Barcelona,en la programaci\u00f3n oficial de la Tanzmessede D\u00fcsseldorf e inicia una gira internacional.<\/span><\/div>\n<\/div>\n<div class=\"\" data-block=\"true\" data-editor=\"ge1u\" data-offset-key=\"ataug-0-0\">\n<div class=\"_1mf _1mj\" data-offset-key=\"ataug-0-0\"><span data-offset-key=\"ataug-0-0\">\u00a0<\/span><\/div>\n<\/div>\n<div class=\"\" data-block=\"true\" data-editor=\"ge1u\" data-offset-key=\"4jfhh-0-0\">\n<div class=\"_1mf _1mj\" data-offset-key=\"4jfhh-0-0\"><span data-offset-key=\"4jfhh-0-0\">En 2016 crea The flock, pieza para 18 bailarines a partir del trabajo f\u00edsico de Lowland, para la MTD2 \/ Escuela Superior de Artes de Amsterdam. The flock es seleccionada para el 30\u00ba Festival Holand\u00e9s de Acrobacia.<\/span><\/div>\n<\/div>\n<div class=\"\" data-block=\"true\" data-editor=\"ge1u\" data-offset-key=\"6jeoh-0-0\">\n<div class=\"_1mf _1mj\" data-offset-key=\"6jeoh-0-0\"><span data-offset-key=\"6jeoh-0-0\">\u00a0<\/span><\/div>\n<\/div>\n<div class=\"\" data-block=\"true\" data-editor=\"ge1u\" data-offset-key=\"uenc-0-0\">\n<div class=\"_1mf _1mj\" data-offset-key=\"uenc-0-0\"><span data-offset-key=\"uenc-0-0\">En 2016 crea tambi\u00e9n Solo per a Sala da Ballo para RE-AL Dances en el festival Teatro A Corte en Torino (Italia).<\/span><\/div>\n<\/div>\n<div class=\"_1mf _1mj\" data-offset-key=\"uenc-0-0\"><a href=\"http:\/\/ebcd.es\/wp-content\/uploads\/2017\/09\/Lowland.Roser_Lo\u0301pez_Espinosa.Foto_Alfred_Mauve.8523.m3.jpg\"><img loading=\"lazy\" decoding=\"async\" class=\"alignnone size-large wp-image-1083\" src=\"http:\/\/ebcd.es\/wp-content\/uploads\/2017\/09\/Lowland.Roser_Lo\u0301pez_Espinosa.Foto_Alfred_Mauve.8523.m3-1024x683.jpg\" alt=\"\" width=\"584\" height=\"390\" srcset=\"http:\/\/ebcd.es\/wp-content\/uploads\/2017\/09\/Lowland.Roser_Lo\u0301pez_Espinosa.Foto_Alfred_Mauve.8523.m3-1024x683.jpg 1024w, http:\/\/ebcd.es\/wp-content\/uploads\/2017\/09\/Lowland.Roser_Lo\u0301pez_Espinosa.Foto_Alfred_Mauve.8523.m3-300x200.jpg 300w, http:\/\/ebcd.es\/wp-content\/uploads\/2017\/09\/Lowland.Roser_Lo\u0301pez_Espinosa.Foto_Alfred_Mauve.8523.m3-768x512.jpg 768w, http:\/\/ebcd.es\/wp-content\/uploads\/2017\/09\/Lowland.Roser_Lo\u0301pez_Espinosa.Foto_Alfred_Mauve.8523.m3-450x300.jpg 450w\" sizes=\"(max-width: 584px) 100vw, 584px\" \/><\/a><\/div>\n<div class=\"\" data-block=\"true\" data-editor=\"ge1u\" data-offset-key=\"503fk-0-0\">\n<div class=\"_1mf _1mj\" data-offset-key=\"503fk-0-0\"><span data-offset-key=\"503fk-0-0\">Es artista asociada a La Caldera \u2013 Centro de creaci\u00f3n de danza y artes esc\u00e9nicas contempor\u00e1neas de Barcelona desde el 2012.<\/span><\/div>\n<div class=\"_1mf _1mj\" data-offset-key=\"503fk-0-0\"><\/div>\n<\/div>\n<div class=\"\" data-block=\"true\" data-editor=\"ge1u\" data-offset-key=\"4p4k5-0-0\">\n<div class=\"_1mf _1mj\" data-offset-key=\"4p4k5-0-0\"><span data-offset-key=\"4p4k5-0-0\">Interesada en la acrobacia y las disciplinas circenses, imparte entrenamientos y ofrece asesoramiento art\u00edstico para el espect\u00e1culo L&#8217;home que perdia els botons de la c\u00eda Circ P\u00e0nic (Premio Zirk\u00f2lica al Mejor espect\u00e1culo de circo de calle 2012).<\/span><\/div>\n<div class=\"_1mf _1mj\" data-offset-key=\"4p4k5-0-0\"><\/div>\n<\/div>\n<div class=\"\" data-block=\"true\" data-editor=\"ge1u\" data-offset-key=\"2qtof-0-0\">\n<div class=\"_1mf _1mj\" data-offset-key=\"2qtof-0-0\"><span data-offset-key=\"2qtof-0-0\">Es profesora en el Conservatorio Superior de Danza del Institut del Teatre de Barcelona, profesora invitada en la MTD \u2013 Theaterschool \/ Escuela Superior de las Artes de \u00c1msterdam y en ArtEZ Dansacademie de Arnhem (Pa\u00edses Bajos) e imparte cursos a nivel internacional: DAF International Dance Art Faculty de Roma (Italia), Oliva Contemporary Dance Project de Verona (It\u00e0lia), Festival Prisma de Panam\u00e1, Festival Danzalborde de Valpara\u00edso (Chile), Pim Off y el Festival Short Formats de Mil\u00e1n (Italia); Dansateliers Rotterdam, Korzo Theater de La Haya, Festival Holand\u00e9s de Acrobacia (Krimpen a\/d Ijssel, Holanda); Festival Danseu (Les Piles), Conservatorio Profesional de Danza Reina Sof\u00eda de Granada, Centro Andaluz de Danza \/ Mes de Danza de Sevilla, La Caldera \u2013 Centro de creaci\u00f3n de danza y artes esc\u00e9nicas contempor\u00e1neas de Barcelona; M\u00f2dulmap#1 de \u00c0ngels Margarit \/ Cia Mudances; Graner &#8211; Centro de Creaci\u00f3n; Conservatorio de Danza de A Coru\u00f1a y Teatro Rosal\u00eda de Castro de A Coru\u00f1a; L\u2019Estruch de Sabadell; \u00c0rea. Espai de dansa i creaci\u00f3; TragantDansa,Escola Municipal de Celr\u00e0, CCB, Escuela de clown Factor\u00eda Dim\u00f4 y la compa\u00f1\u00eda de circo Circ P\u00e0nic. Colabora con el proyecto de graduaci\u00f3n de SEAD en Salzburg (Austria) con la transmisi\u00f3n de The lizard&#8217;s skin y Lowland (2012 y 2016).<\/span><\/div>\n<\/div>\n<div class=\"\" data-block=\"true\" data-editor=\"ge1u\" data-offset-key=\"85nkm-0-0\">\n<div class=\"_1mf _1mj\" data-offset-key=\"85nkm-0-0\"><span data-offset-key=\"85nkm-0-0\">\u00a0<\/span><\/div>\n<\/div>\n<div class=\"\" data-block=\"true\" data-editor=\"ge1u\" data-offset-key=\"18gaq-0-0\">\n<div class=\"_1mf _1mj\" data-offset-key=\"18gaq-0-0\"><span data-offset-key=\"18gaq-0-0\">Su trabajo de creaci\u00f3n forma parte de programaciones internacionales europeas de referencia, as\u00ed como de Egipto, Canad\u00e1, Argentina, Chile, Panam\u00e1 y Jap\u00f3n.<\/span><\/div>\n<\/div>\n","protected":false},"excerpt":{"rendered":"<p>ROSER L\u00d3PEZ ESPINOSA Intensivo de Danza Contempor\u00e1nea en Eva Bertomeu Danza 27-28-29-30 Diciembre, 10-14 horas \u00a1\u00a1\u00a1 PLAZAS AGOTADAS !!!\u00a0 \u00a0 \u00a0 \u00a0 SOLD OUT !!! \u00a0 Se entregar\u00e1 certificado de participaci\u00f3n. Plazas limitadas. \u00a0 info &amp; inscription: produccionebcd@gmail.com \/ +34 &hellip; <a href=\"http:\/\/ebcd.es\/?page_id=1081\">Sigue leyendo <span class=\"meta-nav\">&rarr;<\/span><\/a><\/p>\n","protected":false},"author":2,"featured_media":0,"parent":1353,"menu_order":0,"comment_status":"closed","ping_status":"closed","template":"","meta":{"footnotes":""},"_links":{"self":[{"href":"http:\/\/ebcd.es\/index.php?rest_route=\/wp\/v2\/pages\/1081"}],"collection":[{"href":"http:\/\/ebcd.es\/index.php?rest_route=\/wp\/v2\/pages"}],"about":[{"href":"http:\/\/ebcd.es\/index.php?rest_route=\/wp\/v2\/types\/page"}],"author":[{"embeddable":true,"href":"http:\/\/ebcd.es\/index.php?rest_route=\/wp\/v2\/users\/2"}],"replies":[{"embeddable":true,"href":"http:\/\/ebcd.es\/index.php?rest_route=%2Fwp%2Fv2%2Fcomments&post=1081"}],"version-history":[{"count":7,"href":"http:\/\/ebcd.es\/index.php?rest_route=\/wp\/v2\/pages\/1081\/revisions"}],"predecessor-version":[{"id":1620,"href":"http:\/\/ebcd.es\/index.php?rest_route=\/wp\/v2\/pages\/1081\/revisions\/1620"}],"up":[{"embeddable":true,"href":"http:\/\/ebcd.es\/index.php?rest_route=\/wp\/v2\/pages\/1353"}],"wp:attachment":[{"href":"http:\/\/ebcd.es\/index.php?rest_route=%2Fwp%2Fv2%2Fmedia&parent=1081"}],"curies":[{"name":"wp","href":"https:\/\/api.w.org\/{rel}","templated":true}]}}